{"id":1008,"date":"2025-09-30T13:03:19","date_gmt":"2025-09-30T13:03:19","guid":{"rendered":"https:\/\/mycmueblesycolchones.com\/?page_id=1008"},"modified":"2025-09-30T13:03:19","modified_gmt":"2025-09-30T13:03:19","slug":"certificado-de-garantia-lavadoras-de-doble-tina-myc","status":"publish","type":"page","link":"https:\/\/mycmueblesycolchones.com\/?page_id=1008","title":{"rendered":"CERTIFICADO DE GARANT\u00cdA LAVADORAS DE DOBLE TINA MYC"},"content":{"rendered":"\t\t<div data-elementor-type=\"wp-page\" data-elementor-id=\"1008\" class=\"elementor elementor-1008\">\n\t\t\t\t\t\t\t\t\t<section class=\"elementor-section elementor-top-section elementor-element elementor-element-6fbd1408 elementor-section-boxed elementor-section-height-default elementor-section-height-default\" data-id=\"6fbd1408\" data-element_type=\"section\">\n\t\t\t\t\t\t<div class=\"elementor-container elementor-column-gap-default\">\n\t\t\t\t\t<div class=\"elementor-column elementor-col-100 elementor-top-column elementor-element elementor-element-69c6d178\" data-id=\"69c6d178\" data-element_type=\"column\">\n\t\t\t<div class=\"elementor-widget-wrap elementor-element-populated\">\n\t\t\t\t\t\t\t\t<div class=\"elementor-element elementor-element-14b42161 elementor-widget elementor-widget-text-editor\" data-id=\"14b42161\" data-element_type=\"widget\" data-widget_type=\"text-editor.default\">\n\t\t\t\t<div class=\"elementor-widget-container\">\n\t\t\t<style>\/*! elementor - v3.10.0 - 09-01-2023 *\/\n.elementor-widget-text-editor.elementor-drop-cap-view-stacked .elementor-drop-cap{background-color:#818a91;color:#fff}.elementor-widget-text-editor.elementor-drop-cap-view-framed .elementor-drop-cap{color:#818a91;border:3px solid;background-color:transparent}.elementor-widget-text-editor:not(.elementor-drop-cap-view-default) .elementor-drop-cap{margin-top:8px}.elementor-widget-text-editor:not(.elementor-drop-cap-view-default) .elementor-drop-cap-letter{width:1em;height:1em}.elementor-widget-text-editor .elementor-drop-cap{float:left;text-align:center;line-height:1;font-size:50px}.elementor-widget-text-editor .elementor-drop-cap-letter{display:inline-block}<\/style>\t\t\t\t<p style=\"text-align: center;\"><strong>CERTIFICADO DE GARANT\u00cdA<br \/><\/strong><strong>LAVADORAS DE DOBLE TINA MYC &#8211; 7 KG Y 13 KG<\/strong><\/p><p style=\"text-align: left;\"><strong>GARANT\u00cdA<br \/><\/strong><br \/>Se otorga un per\u00edodo de garant\u00eda de doce (12) meses, contados a partir de la fecha de recibido del producto.<br \/>La garant\u00eda cubre la totalidad de los componentes del producto frente a cualquier desperfecto de fabricaci\u00f3n o de material, siempre que el producto sea utilizado exclusivamente para fines dom\u00e9sticos y conforme a las instrucciones contenidas en el manual del usuario.<br \/>En caso de requerir servicio durante el per\u00edodo de garant\u00eda, comun\u00edquese al WhatsApp 316 525 5407. A trav\u00e9s de este canal se le indicar\u00e1 el procedimiento a seguir y se le brindar\u00e1 la informaci\u00f3n de los centros de servicio autorizados.<br \/>Para la prestaci\u00f3n del servicio en garant\u00eda es indispensable presentar la factura de compra para verificar la fecha de compra; en caso de no contar con ella, se validar\u00e1 el n\u00famero de serie dispuesto en la placa del producto.<br \/>La empresa MYC MUEBLES Y COLCHONES S.A.S. no asume responsabilidad alguna por da\u00f1os personales o a la propiedad ocasionados por una instalaci\u00f3n deficiente realizada por personal no autorizado, ni por el uso indebido del producto, incluyendo la falta de mantenimiento.<br \/>Toda visita o intervenci\u00f3n de nuestro servicio t\u00e9cnico realizada en la vivienda del comprador, dentro del per\u00edodo de garant\u00eda y a solicitud de este, que no est\u00e9 relacionada con fallas o defectos de fabricaci\u00f3n, deber\u00e1 ser asumida por el usuario.<br \/>Para facilitar el tr\u00e1mite de la garant\u00eda, se recomienda conservar el manual, el empaque y los accesorios originales del producto. El Servicio T\u00e9cnico autorizado realizar\u00e1 un diagn\u00f3stico previo antes de efectuar cualquier reparaci\u00f3n y\/o cambio.<br \/>En caso de cambio, la garant\u00eda del nuevo producto se contar\u00e1 desde la fecha de entrega y por el tiempo aqu\u00ed establecido.<\/p><p><strong>EXCLUSIONES DE LA GARANT\u00cdA<br \/><\/strong><br \/>Da\u00f1os ocasionados por transporte o siniestros.<br \/>Fallas o da\u00f1os ocasionados por conexiones o voltajes inadecuados en la red el\u00e9ctrica.<br \/>Fallas o da\u00f1os ocasionados por mal uso, instalaciones inadecuadas o intervenciones no autorizadas.<br \/>Golpes o rayones en carcasa, partes met\u00e1licas o accesorios, salvo que se detecten al momento de la compra y\/o entrega.<br \/>Partes y accesorios sometidos a desgaste natural, como filtros, panel decorativo de la tarjeta de control, mangueras y accesorios, salvo defecto detectado al momento de la compra.<br \/>Efectos de oxidaci\u00f3n por salpicaduras o exposici\u00f3n indebida.<\/p><p><strong>SUMINISTRO DE REPUESTOS<br \/><\/strong><br \/>Se garantiza el suministro de repuestos e insumos para el adecuado funcionamiento del producto por un per\u00edodo de dos (2) a\u00f1os, contados a partir de la fecha de factura del \u00faltimo lote fabricado.<\/p><p><strong>CANCELACI\u00d3N DE LA GARANT\u00cdA<br \/><\/strong><br \/>Cuando el producto o sus piezas presenten alteraciones o da\u00f1os ocasionados por manipulaci\u00f3n de personal no autorizado por MYC MUEBLES Y COLCHONES S.A.S.<br \/>Cuando el uso y manejo del producto se realicen en condiciones diferentes a las prescritas en el manual, o si se destina a fines comerciales o industriales.<br \/>Cuando haya vencido el t\u00e9rmino de vigencia de la garant\u00eda.<\/p><p><strong>SITUACIONES NO CUBIERTAS POR LA GARANT\u00cdA<br \/><\/strong><br \/>1) cuando el per\u00edodo de garant\u00eda de f\u00e1brica haya vencido; 2) si el producto presenta el n\u00famero de serie alterado o removido; 3) cuando tenga modificaciones no autorizadas en sus especificaciones; 4) por instalaci\u00f3n o reparaci\u00f3n realizada por personal no autorizado por MYC MUEBLES Y COLCHONES S.A.S.; 5) si el art\u00edculo ha sido desconectado de la fuente de voltaje; 6) cuando existan conexiones el\u00e9ctricas flojas o sueltas despu\u00e9s de un mes de uso; 7) por fugas de agua ocasionadas por falta de mantenimiento en el sif\u00f3n; 8) por deficiente conexi\u00f3n en la manguera de suministro o desag\u00fce (aplica para lavadoras); 9) si la manguera de desag\u00fce se obstruye con objetos extra\u00f1os; 10) por oxidaci\u00f3n causada por golpes, rayones o exposici\u00f3n a ambientes salinos y\/o con humedad relativa superior al 70%; 11) por presiones de agua fuera de las especificaciones indicadas en la placa o manual de instrucciones; 12) por usos inadecuados o diferentes a los se\u00f1alados en el manual de instrucciones; 13) por transporte inapropiado del equipo; 14) por invasi\u00f3n de cuerpos extra\u00f1os como insectos, roedores o similares, o falta de limpieza; 15) por da\u00f1os causados por fen\u00f3menos naturales tales como terremotos, inundaciones o tormentas el\u00e9ctricas; 16) por condiciones accidentales o provocadas como incendios, fluctuaciones de voltaje, vandalismo o robo; y 17) por problemas relacionados con la nivelaci\u00f3n del producto, la cual debe ser realizada por el usuario conforme a lo indicado en el manual.<\/p><p><strong>IMPORTANTE:<br \/><\/strong><br \/><span style=\"text-decoration: underline;\"><em>\u2022 El producto adquirido est\u00e1 dise\u00f1ado exclusivamente para uso dom\u00e9stico. Su utilizaci\u00f3n con fines comerciales se considera un uso indebido. En tal caso, el producto no estar\u00e1 cubierto por la garant\u00eda est\u00e1ndar ofrecida por MYC MUEBLES Y COLCHONES S.A.S. y la compa\u00f1\u00eda no asumir\u00e1 responsabilidad alguna por fallos de funcionamiento o da\u00f1os derivados de dicho uso incorrecto.<\/em><\/span><\/p>\t\t\t\t\t\t<\/div>\n\t\t\t\t<\/div>\n\t\t\t\t<div class=\"elementor-element elementor-element-53e90d8 elementor-widget elementor-widget-text-editor\" data-id=\"53e90d8\" data-element_type=\"widget\" data-widget_type=\"text-editor.default\">\n\t\t\t\t<div class=\"elementor-widget-container\">\n\t\t\t\t\t\t\t<p style=\"text-align: center;\"><strong>\u00bfDESEAS EL MANUAL DE USO?<\/strong><\/p>\t\t\t\t\t\t<\/div>\n\t\t\t\t<\/div>\n\t\t\t\t<div class=\"elementor-element elementor-element-c65f63e elementor-align-center animated-fast elementor-invisible elementor-widget elementor-widget-button\" data-id=\"c65f63e\" data-element_type=\"widget\" data-settings=\"{&quot;_animation&quot;:&quot;fadeIn&quot;}\" data-widget_type=\"button.default\">\n\t\t\t\t<div class=\"elementor-widget-container\">\n\t\t\t\t\t<div class=\"elementor-button-wrapper\">\n\t\t\t<a href=\"https:\/\/mycmueblesycolchones.com\/wp-content\/uploads\/2025\/09\/qr_mycmueblesycolchones.png\" target=\"_blank\" class=\"elementor-button-link elementor-button elementor-size-sm\" role=\"button\">\n\t\t\t\t\t\t<span class=\"elementor-button-content-wrapper\">\n\t\t\t\t\t\t<span class=\"elementor-button-text\"><div style=\"text-align: start;\"><span style=\"text-align: center;\">DESCARGA EL MANUAL USO Y CUIDADO DE LA LAVADORA MYC AQU\u00cd<\/span><span style=\"text-align: center;\"><\/span><\/div><\/span>\n\t\t<\/span>\n\t\t\t\t\t<\/a>\n\t\t<\/div>\n\t\t\t\t<\/div>\n\t\t\t\t<\/div>\n\t\t\t\t\t<\/div>\n\t\t<\/div>\n\t\t\t\t\t\t\t<\/div>\n\t\t<\/section>\n\t\t\t\t<section class=\"elementor-section elementor-top-section elementor-element elementor-element-0800554 elementor-section-boxed elementor-section-height-default elementor-section-height-default\" data-id=\"0800554\" data-element_type=\"section\">\n\t\t\t\t\t\t<div class=\"elementor-container elementor-column-gap-default\">\n\t\t\t\t\t<div class=\"elementor-column elementor-col-100 elementor-top-column elementor-element elementor-element-7fab2e3\" data-id=\"7fab2e3\" data-element_type=\"column\">\n\t\t\t<div class=\"elementor-widget-wrap\">\n\t\t\t\t\t\t\t\t\t<\/div>\n\t\t<\/div>\n\t\t\t\t\t\t\t<\/div>\n\t\t<\/section>\n\t\t\t\t\t\t\t<\/div>\n\t\t","protected":false},"excerpt":{"rendered":"<p>CERTIFICADO DE GARANT\u00cdA LAVADORAS DE DOBLE TINA MYC &#8211; 7 KG Y 13 KG GARANT\u00cdA Se otorga un per\u00edodo de garant\u00eda de doce (12) meses, contados a partir de la fecha de recibido del producto. La garant\u00eda cubre la totalidad de los componentes del producto frente a cualquier desperfecto de fabricaci\u00f3n o de material, siempre [&hellip;]<\/p>\n","protected":false},"author":1,"featured_media":0,"parent":0,"menu_order":0,"comment_status":"closed","ping_status":"closed","template":"","meta":{"spay_email":"","_joinchat":[]},"_links":{"self":[{"href":"https:\/\/mycmueblesycolchones.com\/index.php?rest_route=\/wp\/v2\/pages\/1008"}],"collection":[{"href":"https:\/\/mycmueblesycolchones.com\/index.php?rest_route=\/wp\/v2\/pages"}],"about":[{"href":"https:\/\/mycmueblesycolchones.com\/index.php?rest_route=\/wp\/v2\/types\/page"}],"author":[{"embeddable":true,"href":"https:\/\/mycmueblesycolchones.com\/index.php?rest_route=\/wp\/v2\/users\/1"}],"replies":[{"embeddable":true,"href":"https:\/\/mycmueblesycolchones.com\/index.php?rest_route=%2Fwp%2Fv2%2Fcomments&post=1008"}],"version-history":[{"count":1,"href":"https:\/\/mycmueblesycolchones.com\/index.php?rest_route=\/wp\/v2\/pages\/1008\/revisions"}],"predecessor-version":[{"id":1009,"href":"https:\/\/mycmueblesycolchones.com\/index.php?rest_route=\/wp\/v2\/pages\/1008\/revisions\/1009"}],"wp:attachment":[{"href":"https:\/\/mycmueblesycolchones.com\/index.php?rest_route=%2Fwp%2Fv2%2Fmedia&parent=1008"}],"curies":[{"name":"wp","href":"https:\/\/api.w.org\/{rel}","templated":true}]}}