{"id":233,"date":"2022-02-16T16:34:15","date_gmt":"2022-02-16T16:34:15","guid":{"rendered":"https:\/\/tiendaao.com\/colchones\/?page_id=233"},"modified":"2022-02-25T18:44:28","modified_gmt":"2022-02-25T18:44:28","slug":"contactenos","status":"publish","type":"page","link":"https:\/\/mycmueblesycolchones.com\/?page_id=233","title":{"rendered":"Cont\u00e1ctenos"},"content":{"rendered":"<p>Tienes alguna duda, escr\u00edbenos y te contactaremos.<br \/>\n<div id=\"quform-11439d\" class=\"quform quform-3 quform-support-page-caching\"><form id=\"quform-form-11439d\" class=\"quform-form quform-form-3\" action=\"\/index.php?rest_route=%2Fwp%2Fv2%2Fpages%2F233#quform-11439d\" method=\"post\" enctype=\"multipart\/form-data\" novalidate=\"novalidate\" data-options=\"{&quot;id&quot;:3,&quot;uniqueId&quot;:&quot;11439d&quot;,&quot;theme&quot;:&quot;&quot;,&quot;ajax&quot;:true,&quot;logic&quot;:{&quot;logic&quot;:{&quot;31&quot;:{&quot;action&quot;:true,&quot;match&quot;:&quot;all&quot;,&quot;rules&quot;:[{&quot;elementId&quot;:&quot;27&quot;,&quot;operator&quot;:&quot;eq&quot;,&quot;optionId&quot;:&quot;9&quot;,&quot;value&quot;:&quot;PQR&quot;}]},&quot;32&quot;:{&quot;action&quot;:true,&quot;match&quot;:&quot;all&quot;,&quot;rules&quot;:[{&quot;elementId&quot;:&quot;27&quot;,&quot;operator&quot;:&quot;eq&quot;,&quot;optionId&quot;:&quot;6&quot;,&quot;value&quot;:&quot;Soporte T\\u00e9cnico y Garant\\u00edas&quot;}]}},&quot;dependents&quot;:{&quot;27&quot;:[31,32]},&quot;elementIds&quot;:[31,32],&quot;dependentElementIds&quot;:[&quot;27&quot;],&quot;animate&quot;:true},&quot;currentPageId&quot;:1,&quot;errorsIcon&quot;:&quot;&quot;,&quot;updateFancybox&quot;:true,&quot;hasPages&quot;:false,&quot;pages&quot;:[1],&quot;pageProgressType&quot;:&quot;numbers&quot;,&quot;tooltipsEnabled&quot;:true,&quot;tooltipClasses&quot;:&quot;qtip-quform-dark qtip-shadow&quot;,&quot;tooltipMy&quot;:&quot;left center&quot;,&quot;tooltipAt&quot;:&quot;right center&quot;,&quot;isRtl&quot;:false,&quot;scrollOffset&quot;:-50,&quot;scrollSpeed&quot;:800}\"><button class=\"quform-default-submit\" name=\"quform_submit\" type=\"submit\" value=\"submit\" aria-hidden=\"true\" tabindex=\"-1\"><\/button><div class=\"quform-form-inner quform-form-inner-3\"><input type=\"hidden\" name=\"quform_form_id\" value=\"3\" \/><input type=\"hidden\" name=\"quform_form_uid\" value=\"11439d\" \/><input type=\"hidden\" name=\"quform_count\" value=\"1\" \/><input type=\"hidden\" name=\"form_url\" value=\"https:\/\/mycmueblesycolchones.com\/index.php?rest_route=%2Fwp%2Fv2%2Fpages%2F233\" \/><input type=\"hidden\" name=\"referring_url\" value=\"\" \/><input type=\"hidden\" name=\"post_id\" value=\"\" \/><input type=\"hidden\" name=\"post_title\" value=\"\" \/><input type=\"hidden\" name=\"quform_current_page_id\" value=\"1\" \/><input type=\"hidden\" name=\"quform_csrf_token\" value=\"2ApfjYGj4opf6vqDsMJT7RZ4LqKJfEsaZCzqkLcO\" \/><div class=\"quform-elements quform-elements-3 quform-cf quform-responsive-elements-phone-landscape\"><div class=\"quform-element quform-element-page quform-page-1 quform-page-3_1 quform-cf quform-group-style-plain quform-first-page quform-last-page quform-current-page\"><div class=\"quform-child-elements\"><div class=\"quform-element quform-element-row quform-element-row-3_3 quform-2-columns quform-element-row-size-fixed quform-responsive-columns-phone-landscape\"><div class=\"quform-element quform-element-column quform-element-3_4\"><div class=\"quform-element quform-element-text quform-element-3_10 quform-cf quform-element-required\"><div class=\"quform-spacer\"><div class=\"quform-label quform-label-3_10\"><label class=\"quform-label-text\" for=\"quform_3_10_11439d\">Nombre y Apellido<span class=\"quform-required\">*<\/span><\/label><\/div><div class=\"quform-inner quform-inner-text quform-inner-3_10\"><div class=\"quform-input quform-input-text quform-input-3_10 quform-cf\"><input type=\"text\" id=\"quform_3_10_11439d\" name=\"quform_3_10\" class=\"quform-field quform-field-text quform-field-3_10\" \/><\/div><\/div><\/div><\/div><div class=\"quform-element quform-element-text quform-element-3_26 quform-cf quform-element-required\"><div class=\"quform-spacer\"><div class=\"quform-label quform-label-3_26\"><label class=\"quform-label-text\" for=\"quform_3_26_11439d\">N\u00famero de C\u00e9dula<span class=\"quform-required\">*<\/span><\/label><\/div><div class=\"quform-inner quform-inner-text quform-inner-3_26\"><div class=\"quform-input quform-input-text quform-input-3_26 quform-cf\"><input type=\"text\" id=\"quform_3_26_11439d\" name=\"quform_3_26\" class=\"quform-field quform-field-text quform-field-3_26\" \/><\/div><p class=\"quform-description quform-description-below\">esto nos ayudar\u00e1 a la pronta respuesta de su caso<\/p><\/div><\/div><\/div><\/div><div class=\"quform-element quform-element-column quform-element-3_5\"><div class=\"quform-element quform-element-select quform-element-3_27 quform-cf quform-element-required\"><div class=\"quform-spacer\"><div class=\"quform-label quform-label-3_27\"><label class=\"quform-label-text\" for=\"quform_3_27_11439d\">Asunto<span class=\"quform-required\">*<\/span><\/label><\/div><div class=\"quform-inner quform-inner-select quform-inner-3_27\"><div class=\"quform-input quform-input-select quform-input-3_27 quform-cf\"><select id=\"quform_3_27_11439d\" name=\"quform_3_27\" class=\"quform-field quform-field-select quform-field-3_27\"><option value=\"\" selected=\"selected\">Por favor Seleccione<\/option><option value=\"Informaci\u00f3n\">Informaci\u00f3n<\/option><option value=\"Compra Online\">Compra Online<\/option><option value=\"Entregas y Env\u00edos\">Entregas y Env\u00edos<\/option><option value=\"Soporte T\u00e9cnico y Garant\u00edas\">Soporte T\u00e9cnico y Garant\u00edas<\/option><option value=\"Felicitaci\u00f3n\">Felicitaci\u00f3n<\/option><option value=\"Factura\">Factura<\/option><option value=\"PQR\">PQR<\/option><\/select><\/div><\/div><\/div><\/div><div class=\"quform-element quform-element-html quform-element-3_31 quform-cf\"><div class=\"quform-spacer\">Una vez radicada su PQR, al correo electr\u00f3nico registrado en el presente formulario se le enviar\u00e1 el n\u00famero de radicado y los medios por los cuales podr\u00e1 hacer seguimiento de la misma.<\/div><\/div><div class=\"quform-element quform-element-text quform-element-3_11 quform-cf quform-element-required\"><div class=\"quform-spacer\"><div class=\"quform-label quform-label-3_11\"><label class=\"quform-label-text\" for=\"quform_3_11_11439d\">Numero de contacto<span class=\"quform-required\">*<\/span><\/label><\/div><div class=\"quform-inner quform-inner-text quform-inner-3_11\"><div class=\"quform-input quform-input-text quform-input-3_11 quform-cf\"><input type=\"text\" id=\"quform_3_11_11439d\" name=\"quform_3_11\" class=\"quform-field quform-field-text quform-field-3_11\" \/><\/div><\/div><\/div><\/div><\/div><\/div><div class=\"quform-element quform-element-row quform-element-row-3_17 quform-2-columns quform-element-row-size-fixed quform-responsive-columns-phone-landscape\"><div class=\"quform-element quform-element-column quform-element-3_19\"><div class=\"quform-element quform-element-text quform-element-3_25 quform-cf quform-element-required\"><div class=\"quform-spacer\"><div class=\"quform-label quform-label-3_25\"><label class=\"quform-label-text\" for=\"quform_3_25_11439d\">Ciudad o Municipio de residencia<span class=\"quform-required\">*<\/span><\/label><\/div><div class=\"quform-inner quform-inner-text quform-inner-3_25\"><div class=\"quform-input quform-input-text quform-input-3_25 quform-cf\"><input type=\"text\" id=\"quform_3_25_11439d\" name=\"quform_3_25\" class=\"quform-field quform-field-text quform-field-3_25\" \/><\/div><\/div><\/div><\/div><\/div><div class=\"quform-element quform-element-column quform-element-3_24\"><div class=\"quform-element quform-element-email quform-element-3_12 quform-cf quform-element-required\"><div class=\"quform-spacer\"><div class=\"quform-label quform-label-3_12\"><label class=\"quform-label-text\" for=\"quform_3_12_11439d\">Correo Electr\u00f3nico<span class=\"quform-required\">*<\/span><\/label><\/div><div class=\"quform-inner quform-inner-email quform-inner-3_12\"><div class=\"quform-input quform-input-email quform-input-3_12 quform-cf\"><input type=\"email\" id=\"quform_3_12_11439d\" name=\"quform_3_12\" class=\"quform-field quform-field-email quform-field-3_12\" \/><\/div><\/div><\/div><\/div><\/div><\/div><div class=\"quform-element quform-element-row quform-element-row-3_20 quform-2-columns quform-element-row-size-fixed quform-responsive-columns-phone-landscape\"><div class=\"quform-element quform-element-column quform-element-3_21\"><div class=\"quform-element quform-element-textarea quform-element-3_16 quform-cf quform-element-optional\"><div class=\"quform-spacer\"><div class=\"quform-label quform-label-3_16\"><label class=\"quform-label-text\" for=\"quform_3_16_11439d\">Mensaje<\/label><\/div><div class=\"quform-inner quform-inner-textarea quform-inner-3_16\"><div class=\"quform-input quform-input-textarea quform-input-3_16 quform-cf\"><textarea id=\"quform_3_16_11439d\" name=\"quform_3_16\" class=\"quform-field quform-field-textarea quform-field-3_16\"><\/textarea><\/div><\/div><\/div><\/div><div class=\"quform-element quform-element-file quform-element-3_28 quform-cf quform-element-optional\"><div class=\"quform-spacer\"><div class=\"quform-label quform-label-3_28\"><label class=\"quform-label-text\" for=\"quform_3_28_11439d\">Adjuntar Foto\/ Video<\/label><\/div><div class=\"quform-inner quform-inner-file quform-inner-3_28\"><div class=\"quform-input quform-input-file quform-input-3_28 quform-cf quform-button-style-theme\"><input type=\"file\" id=\"quform_3_28_11439d\" name=\"quform_3_28[]\" class=\"quform-field quform-field-file quform-field-3_28 quform-field-file-enhanced\" multiple data-config=\"{&quot;id&quot;:28,&quot;identifier&quot;:&quot;3_28&quot;,&quot;name&quot;:&quot;quform_3_28&quot;,&quot;max&quot;:20,&quot;size&quot;:67108864,&quot;allowedExtensions&quot;:[&quot;jpg&quot;,&quot;jpeg&quot;,&quot;png&quot;,&quot;gif&quot;],&quot;notAllowedTypeWithFilename&quot;:&quot;File type of &#039;%filename%&#039; is not allowed&quot;,&quot;tooBigWithFilename&quot;:&quot;File &#039;%filename%&#039; exceeds the maximum allowed file size&quot;,&quot;tooMany&quot;:&quot;You cannot upload more than %max% file(s)&quot;,&quot;buttonType&quot;:&quot;button&quot;,&quot;buttonText&quot;:&quot;Subir&quot;,&quot;buttonIcon&quot;:&quot;qicon-file_upload&quot;,&quot;buttonIconPosition&quot;:&quot;right&quot;}\" \/><\/div><\/div><\/div><\/div><\/div><div class=\"quform-element quform-element-column quform-element-3_22\"><div class=\"quform-element quform-element-select quform-element-3_32 quform-cf quform-element-optional\"><div class=\"quform-spacer\"><div class=\"quform-label quform-label-3_32\"><label class=\"quform-label-text\" for=\"quform_3_32_11439d\">\u00bfQui\u00e9n diligencia?<\/label><\/div><div class=\"quform-inner quform-inner-select quform-inner-3_32\"><div class=\"quform-input quform-input-select quform-input-3_32 quform-cf\"><select id=\"quform_3_32_11439d\" name=\"quform_3_32\" class=\"quform-field quform-field-select quform-field-3_32\"><option value=\"\" selected=\"selected\">Please select<\/option><option value=\"Cliente\">Cliente<\/option><option value=\"Vendedor\">Vendedor<\/option><option value=\"AST\">AST<\/option><\/select><\/div><\/div><\/div><\/div><div class=\"quform-element quform-element-captcha quform-element-3_23 quform-cf quform-element-required\"><div class=\"quform-spacer\"><div class=\"quform-label quform-label-3_23\"><label class=\"quform-label-text\" for=\"quform_3_23_11439d\">Por favor escriba los caracteres<span class=\"quform-required\">*<\/span><\/label><\/div><div class=\"quform-inner quform-inner-captcha quform-inner-3_23\"><div class=\"quform-input quform-input-captcha quform-input-3_23 quform-cf\"><input type=\"text\" id=\"quform_3_23_11439d\" name=\"quform_3_23\" class=\"quform-field quform-field-captcha quform-field-3_23\" \/><\/div><div class=\"quform-captcha quform-cf\"><div class=\"quform-captcha-image quform-captcha-image-3_23\"><img src=\"data:image\/png;base64,iVBORw0KGgoAAAANSUhEUgAAAOYAAABQBAMAAAD\/1xTgAAAAG1BMVEX\/\/\/8iIiLHx8eQkJBZWVk9PT2srKx0dHTj4+PntVPKAAAACXBIWXMAAA7EAAAOxAGVKw4bAAAEW0lEQVRoge1YTVPjRhAVkm3pSLOWzVGCCtkj2hCzR08tCzmutiCbo7VUMEccb4Uc7VDe\/O30x0ie0YeppRJdVu8A8mim30z36+6xHadDhw4dOnTo8J3hbtU65QbGrXMuAB7a5kwBDtrmxHO25Vw3cs7C68nK8QGGLXEm4x+AcIO+DVviTGGLts5pcr5qiROlc3mridvSbUZRdBfMOW2Jcy0ZMn98oyBqibOXZ+WgNQk5HoA8bNorQy7AjB\/UC8ute3ZzPfu2JQHAB\/o\/AFi9hPJHEl9okA4eJ6+f52SfvqSVBXP1qZLZMe3h3e6FqSxQcGgNLz7dP0c5MOrJrBjN+PNDFl5tzztf3uHz8STSnxMYOexaK5wYZniOtS90l0e\/g7HhtaQ6\/\/1Nhjw6epBIDIKjI3TqVGZGpj2X1+xmFc6PaEYZeRbcKhw95XcjGerR80IqOjlneH8vpwXboFQmPLzbyOvDNYjy1pYAMzg4cn42ON1tDP7geAx5dlppZMdSgoM0jJwGTALdi9B5p9vhNXNhP36vfet8nZN3l2cF9UeH1VuWbcAvDzc6l+qhFRtYtbrPg7HVpkRmrK9H9H24YgnVcB4eX8zQF6Pgscm\/Srsvhf3toM+HV+ZedUaSmE6dQK57XrV54rR9mfVq3aimRHNamTYgbbiWKF1Ji0BoPDbtN3GS8sdxo4YzvWxhFuuAFNWzWsZABxzEHylt0a+59PH7hDg3Evhfq5y6E+I0s0EojF1s1RhPqkZeaBVNb+JkIY2dY8WkUYWzr09jnRN38FBqGZ4sdrXWcs5K96Ti4gsn+cYqcDl6OjGVqSE849S1W4Zvc7JvvZqLJnFiOBVxou2xqrmK6sR07XvNHuz3bH3oveUVlmXuQrWVEecCwow4Y7JdniBk5NSN7YMeHMZ2VvelzHmFlD5IATBXaQegyRFzVstUsTGs21hDrch4MFK2uS0nDWsppVb10pwH6JIpcQ4a76G4LrwAsBuhC2FJHnuyZ7\/gnDqcE9MqJ7o0Is5+4z1Ut4JSTU7Le1zLHnqFlCiscfXbJ3JSj0qQM2m8uEiHhr+KgX\/eOTXfZbecZEdLyeeyawEFS9tFzpoOkINLVPi2+Byk5JGkbC0WA33hzKV0OyubU9I\/kdMvxcvAHgxPPhv2PZ66yDun4OxKSersWVKqAXOuiDOuCixHryRonyTp2a6VghKeDiZZ0W6jZs4x+Wmsmr+Z+qX7BZr7c15KHeGEEevt4q3z+qlRHgtJAYwN2K4yQS3rxDAgnR5+MecEqXDKv5CvUcv63phxg+XOsuMbG8Ab6222ve9sN3Z3\/uUGptIoIIaG4u2wyMhFCdTUxRxfI9q8Wd9dZV\/rDTydX+DsoVxG6288gbSjBHb8oCLumlqHOl9GTdPR6MnMfQ+SEbXveW1WrmzmDA7QZTNFA\/4++Wm5632\/yfcEVOhk9c2Uz8Ld9dvG0+f\/npDtXkX\/j+EOHTp06NDhe8K\/g4y2I59qbGwAAAAASUVORK5CYII=\" alt=\"CAPTCHA image\" data-element-id=\"23\" width=\"115\" height=\"40\" \/><\/div><\/div><p class=\"quform-description quform-description-below\">Esto nos ayuda a prevenir el spam, gracias<\/p><\/div><\/div><\/div><\/div><\/div><div class=\"quform-element quform-element-html quform-element-3_30 quform-cf\"><div class=\"quform-spacer\"><div class=\"quform-element quform-element-html quform-element-94_163 quform-cf\">\n<div class=\"quform-spacer\"><span style=\"color: #333333;\">Enviando este formulario acepta las pol\u00edticas de tratamiento de datos y t\u00e9rminos y condiciones estipulados aqu\u00ed en mycmueblesycolchones.com<\/span><\/div>\n<\/div>\n<div class=\"quform-element quform-element-submit quform-element-94_2 quform-cf quform-button-style-theme\">\n<div class=\"quform-button-submit quform-button-submit-default quform-button-submit-94_2\"><\/div>\n<\/div><\/div><\/div><div class=\"quform-element quform-element-submit quform-element-3_2 quform-cf quform-button-style-theme\"><div class=\"quform-button-submit quform-button-submit-default quform-button-submit-3_2\"><button name=\"quform_submit\" type=\"submit\" class=\"quform-submit\" value=\"submit\"><span class=\"quform-button-text quform-button-submit-text\">Enviar<\/span><\/button><\/div><div class=\"quform-loading quform-loading-position-left quform-loading-type-spinner-1\"><div class=\"quform-loading-inner\"><div class=\"quform-loading-spinner\"><div class=\"quform-loading-spinner-inner\"><\/div><\/div><\/div><\/div><\/div><div class=\"quform-element-tree\"><label for=\"quform_3_0_11439d\">This field should be left blank<\/label><input type=\"text\" id=\"quform_3_0_11439d\" name=\"quform_3_0\" class=\"quform-field quform-field-tree quform-field-3_0\" tabindex=\"-1\" autocomplete=\"off\" \/><\/div><\/div><\/div><\/div><div class=\"quform-upload-progress-wrap\"><div class=\"quform-upload-progress-bar-wrap\"><div class=\"quform-upload-progress-bar\"><\/div><\/div><div class=\"quform-upload-info quform-cf\"><div class=\"quform-upload-filename\"><\/div><\/div><\/div><\/div><\/form><\/div><\/p>\n","protected":false},"excerpt":{"rendered":"<p>Tienes alguna duda, escr\u00edbenos y te contactaremos.<\/p>\n","protected":false},"author":1,"featured_media":0,"parent":0,"menu_order":0,"comment_status":"closed","ping_status":"closed","template":"","meta":{"spay_email":"","_joinchat":[]},"_links":{"self":[{"href":"https:\/\/mycmueblesycolchones.com\/index.php?rest_route=\/wp\/v2\/pages\/233"}],"collection":[{"href":"https:\/\/mycmueblesycolchones.com\/index.php?rest_route=\/wp\/v2\/pages"}],"about":[{"href":"https:\/\/mycmueblesycolchones.com\/index.php?rest_route=\/wp\/v2\/types\/page"}],"author":[{"embeddable":true,"href":"https:\/\/mycmueblesycolchones.com\/index.php?rest_route=\/wp\/v2\/users\/1"}],"replies":[{"embeddable":true,"href":"https:\/\/mycmueblesycolchones.com\/index.php?rest_route=%2Fwp%2Fv2%2Fcomments&post=233"}],"version-history":[{"count":5,"href":"https:\/\/mycmueblesycolchones.com\/index.php?rest_route=\/wp\/v2\/pages\/233\/revisions"}],"predecessor-version":[{"id":613,"href":"https:\/\/mycmueblesycolchones.com\/index.php?rest_route=\/wp\/v2\/pages\/233\/revisions\/613"}],"wp:attachment":[{"href":"https:\/\/mycmueblesycolchones.com\/index.php?rest_route=%2Fwp%2Fv2%2Fmedia&parent=233"}],"curies":[{"name":"wp","href":"https:\/\/api.w.org\/{rel}","templated":true}]}}