{"id":529,"date":"2022-02-25T14:16:27","date_gmt":"2022-02-25T14:16:27","guid":{"rendered":"http:\/\/mycmueblesycolchones.com\/?page_id=529"},"modified":"2022-02-25T18:52:01","modified_gmt":"2022-02-25T18:52:01","slug":"trabaje-con-nosotros","status":"publish","type":"page","link":"https:\/\/mycmueblesycolchones.com\/?page_id=529","title":{"rendered":"Trabaje con Nosotros"},"content":{"rendered":"<p>El activo m\u00e1s valioso que existe en MYC es el cliente, a trav\u00e9s de nuestro equipo de talento humano le servimos y brindamos siempre la atenci\u00f3n oportuna en cada una de<br \/>\nlas necesidades de nuestros clientes.<br \/>\n<b style=\"color: #666666; font-family: 'Open sans', sans-serif; font-size: 14px; letter-spacing: normal; text-align: justify; word-spacing: 0px; background-color: var(--blanco);\">Env\u00edanos tu hoja de vida, siempre estamos en busca de gente talentosa como t\u00fa.<\/b><\/p>\n<p style=\"margin: 0px 0px 20px; color: #666666; font-family: 'Open sans', sans-serif; font-size: 14px; letter-spacing: normal; text-align: justify; word-spacing: 0px;\">Diligencia los siguientes datos:<\/p>\n<div id=\"quform-df4356\" class=\"quform quform-2 quform-support-page-caching\"><form id=\"quform-form-df4356\" class=\"quform-form quform-form-2\" action=\"\/index.php?rest_route=%2Fwp%2Fv2%2Fpages%2F529#quform-df4356\" method=\"post\" enctype=\"multipart\/form-data\" novalidate=\"novalidate\" data-options=\"{&quot;id&quot;:2,&quot;uniqueId&quot;:&quot;df4356&quot;,&quot;theme&quot;:&quot;&quot;,&quot;ajax&quot;:true,&quot;logic&quot;:{&quot;logic&quot;:[],&quot;dependents&quot;:[],&quot;elementIds&quot;:[],&quot;dependentElementIds&quot;:[],&quot;animate&quot;:true},&quot;currentPageId&quot;:1,&quot;errorsIcon&quot;:&quot;&quot;,&quot;updateFancybox&quot;:true,&quot;hasPages&quot;:false,&quot;pages&quot;:[1],&quot;pageProgressType&quot;:&quot;numbers&quot;,&quot;tooltipsEnabled&quot;:true,&quot;tooltipClasses&quot;:&quot;qtip-quform-dark qtip-shadow&quot;,&quot;tooltipMy&quot;:&quot;left center&quot;,&quot;tooltipAt&quot;:&quot;right center&quot;,&quot;isRtl&quot;:false,&quot;scrollOffset&quot;:-50,&quot;scrollSpeed&quot;:800}\"><button class=\"quform-default-submit\" name=\"quform_submit\" type=\"submit\" value=\"submit\" aria-hidden=\"true\" tabindex=\"-1\"><\/button><div class=\"quform-form-inner quform-form-inner-2\"><input type=\"hidden\" name=\"quform_form_id\" value=\"2\" \/><input type=\"hidden\" name=\"quform_form_uid\" value=\"df4356\" \/><input type=\"hidden\" name=\"quform_count\" value=\"1\" \/><input type=\"hidden\" name=\"form_url\" value=\"https:\/\/mycmueblesycolchones.com\/index.php?rest_route=%2Fwp%2Fv2%2Fpages%2F529\" \/><input type=\"hidden\" name=\"referring_url\" value=\"\" \/><input type=\"hidden\" name=\"post_id\" value=\"\" \/><input type=\"hidden\" name=\"post_title\" value=\"\" \/><input type=\"hidden\" name=\"quform_current_page_id\" value=\"1\" \/><input type=\"hidden\" name=\"quform_csrf_token\" value=\"HorXBAnVAVW5LEF4pacYg7BWpsE0UGUYOqAUHq2C\" \/><div class=\"quform-elements quform-elements-2 quform-cf quform-responsive-elements-phone-landscape\"><div class=\"quform-element quform-element-page quform-page-1 quform-page-2_1 quform-cf quform-group-style-plain quform-first-page quform-last-page quform-current-page\"><div class=\"quform-child-elements\"><div class=\"quform-element quform-element-row quform-element-row-2_3 quform-3-columns quform-element-row-size-fixed quform-responsive-columns-phone-landscape\"><div class=\"quform-element quform-element-column quform-element-2_4\"><div class=\"quform-element quform-element-text quform-element-2_10 quform-cf quform-element-required\"><div class=\"quform-spacer\"><div class=\"quform-label quform-label-2_10\"><label class=\"quform-label-text\" for=\"quform_2_10_df4356\">Nombre<span class=\"quform-required\">*<\/span><\/label><\/div><div class=\"quform-inner quform-inner-text quform-inner-2_10\"><div class=\"quform-input quform-input-text quform-input-2_10 quform-cf\"><input type=\"text\" id=\"quform_2_10_df4356\" name=\"quform_2_10\" class=\"quform-field quform-field-text quform-field-2_10\" \/><\/div><\/div><\/div><\/div><\/div><div class=\"quform-element quform-element-column quform-element-2_5\"><div class=\"quform-element quform-element-text quform-element-2_11 quform-cf quform-element-optional\"><div class=\"quform-spacer\"><div class=\"quform-label quform-label-2_11\"><label class=\"quform-label-text\" for=\"quform_2_11_df4356\">Apellidos<\/label><\/div><div class=\"quform-inner quform-inner-text quform-inner-2_11\"><div class=\"quform-input quform-input-text quform-input-2_11 quform-cf\"><input type=\"text\" id=\"quform_2_11_df4356\" name=\"quform_2_11\" class=\"quform-field quform-field-text quform-field-2_11\" \/><\/div><\/div><\/div><\/div><\/div><div class=\"quform-element quform-element-column quform-element-2_6\"><div class=\"quform-element quform-element-text quform-element-2_29 quform-cf quform-element-required\"><div class=\"quform-spacer\"><div class=\"quform-label quform-label-2_29\"><span class=\"quform-label-icon\"><i class=\"fa fa-phone\"><\/i><\/span><label class=\"quform-label-text\" for=\"quform_2_29_df4356\">Tel\u00e9fono<span class=\"quform-required\">*<\/span><\/label><\/div><div class=\"quform-inner quform-inner-text quform-inner-2_29\"><div class=\"quform-input quform-input-text quform-input-2_29 quform-cf\"><input type=\"text\" id=\"quform_2_29_df4356\" name=\"quform_2_29\" class=\"quform-field quform-field-text quform-field-2_29\" \/><\/div><\/div><\/div><\/div><\/div><\/div><div class=\"quform-element quform-element-row quform-element-row-2_36 quform-2-columns quform-element-row-size-fixed quform-responsive-columns-phone-landscape\"><div class=\"quform-element quform-element-column quform-element-2_37\"><div class=\"quform-element quform-element-email quform-element-2_12 quform-cf quform-element-required\"><div class=\"quform-spacer\"><div class=\"quform-label quform-label-2_12\"><label class=\"quform-label-text\" for=\"quform_2_12_df4356\">Correo Electr\u00f3nico<span class=\"quform-required\">*<\/span><\/label><\/div><div class=\"quform-inner quform-inner-email quform-inner-2_12\"><div class=\"quform-input quform-input-email quform-input-2_12 quform-cf\"><input type=\"email\" id=\"quform_2_12_df4356\" name=\"quform_2_12\" class=\"quform-field quform-field-email quform-field-2_12\" \/><\/div><\/div><\/div><\/div><\/div><div class=\"quform-element quform-element-column quform-element-2_38\"><div class=\"quform-element quform-element-select quform-element-2_18 quform-cf quform-element-required\"><div class=\"quform-spacer\"><div class=\"quform-label quform-label-2_18\"><label class=\"quform-label-text\" for=\"quform_2_18_df4356\">Departamento<span class=\"quform-required\">*<\/span><\/label><\/div><div class=\"quform-inner quform-inner-select quform-inner-2_18\"><div class=\"quform-input quform-input-select quform-input-2_18 quform-cf\"><select id=\"quform_2_18_df4356\" name=\"quform_2_18\" class=\"quform-field quform-field-select quform-field-2_18\"><option value=\"\" selected=\"selected\">...<\/option><option value=\"Atl\u00e1ntico\">Atl\u00e1ntico<\/option><option value=\"Magdalena\">Magdalena<\/option><option value=\"Bolivar\">Bolivar<\/option><option value=\"Cesar\">Cesar<\/option><option value=\"Cundidamarca\">Cundidamarca<\/option><option value=\"Santander\">Santander<\/option><option value=\"Norte de santander\">Norte de santander<\/option><\/select><\/div><\/div><\/div><\/div><\/div><\/div><div class=\"quform-element quform-element-row quform-element-row-2_7 quform-3-columns quform-element-row-size-fixed quform-responsive-columns-phone-landscape\"><div class=\"quform-element quform-element-column quform-element-2_8\"><div class=\"quform-element quform-element-text quform-element-2_20 quform-cf quform-element-required\"><div class=\"quform-spacer\"><div class=\"quform-label quform-label-2_20\"><label class=\"quform-label-text\" for=\"quform_2_20_df4356\">Ciudad en la que desea trabajar<span class=\"quform-required\">*<\/span><\/label><\/div><div class=\"quform-inner quform-inner-text quform-inner-2_20\"><div class=\"quform-input quform-input-text quform-input-2_20 quform-cf\"><input type=\"text\" id=\"quform_2_20_df4356\" name=\"quform_2_20\" class=\"quform-field quform-field-text quform-field-2_20\" \/><\/div><\/div><\/div><\/div><\/div><div class=\"quform-element quform-element-column quform-element-2_9\"><div class=\"quform-element quform-element-select quform-element-2_24 quform-cf quform-element-required\"><div class=\"quform-spacer\"><div class=\"quform-label quform-label-2_24\"><label class=\"quform-label-text\" for=\"quform_2_24_df4356\">\u00c1rea en la que se desempe\u00f1a<span class=\"quform-required\">*<\/span><\/label><\/div><div class=\"quform-inner quform-inner-select quform-inner-2_24 quform-field-width-medium\"><div class=\"quform-input quform-input-select quform-input-2_24 quform-cf\"><select id=\"quform_2_24_df4356\" name=\"quform_2_24\" class=\"quform-field quform-field-select quform-field-2_24\"><option value=\"\" selected=\"selected\">...<\/option><option value=\"Ventas\">Ventas<\/option><option value=\"Administrativo\">Administrativo<\/option><option value=\"Contabilidad\">Contabilidad<\/option><option value=\"Cr\u00e9dito\">Cr\u00e9dito<\/option><option value=\"Gestion Humana\">Gestion Humana<\/option><option value=\"Mercadeo\">Mercadeo<\/option><option value=\"Logistica\">Logistica<\/option><option value=\"Otro\">Otro<\/option><\/select><\/div><\/div><\/div><\/div><\/div><div class=\"quform-element quform-element-column quform-element-2_17\"><div class=\"quform-element quform-element-text quform-element-2_28 quform-cf quform-element-required\"><div class=\"quform-spacer\"><div class=\"quform-label quform-label-2_28\"><label class=\"quform-label-text\" for=\"quform_2_28_df4356\">Cargo al que aspira<span class=\"quform-required\">*<\/span><\/label><\/div><div class=\"quform-inner quform-inner-text quform-inner-2_28\"><div class=\"quform-input quform-input-text quform-input-2_28 quform-cf\"><input type=\"text\" id=\"quform_2_28_df4356\" name=\"quform_2_28\" class=\"quform-field quform-field-text quform-field-2_28\" \/><\/div><\/div><\/div><\/div><\/div><\/div><div class=\"quform-element quform-element-row quform-element-row-2_21 quform-2-columns quform-element-row-size-fixed quform-responsive-columns-phone-landscape\"><div class=\"quform-element quform-element-column quform-element-2_22\"><div class=\"quform-element quform-element-file quform-element-2_14 quform-cf quform-element-required\"><div class=\"quform-spacer\"><div class=\"quform-label quform-label-2_14\"><label class=\"quform-label-text\" for=\"quform_2_14_df4356\">Adjuntar Hoja de Vida en Word o Pdf<span class=\"quform-required\">*<\/span><\/label><\/div><div class=\"quform-inner quform-inner-file quform-inner-2_14\"><div class=\"quform-input quform-input-file quform-input-2_14 quform-cf quform-button-style-theme\"><input type=\"file\" id=\"quform_2_14_df4356\" name=\"quform_2_14[]\" class=\"quform-field quform-field-file quform-field-2_14 quform-field-file-enhanced\" multiple data-config=\"{&quot;id&quot;:14,&quot;identifier&quot;:&quot;2_14&quot;,&quot;name&quot;:&quot;quform_2_14&quot;,&quot;max&quot;:3,&quot;size&quot;:26214400,&quot;allowedExtensions&quot;:[&quot;docx&quot;,&quot;pdf&quot;,&quot;odt&quot;],&quot;notAllowedTypeWithFilename&quot;:&quot; El tipo de archivo de &#039;% filename%&#039; no est\\u00e1 permitido&quot;,&quot;tooBigWithFilename&quot;:&quot;File &#039;%filename%&#039; exceeds the maximum allowed file size&quot;,&quot;tooMany&quot;:&quot;You cannot upload more than %max% file(s)&quot;,&quot;buttonType&quot;:&quot;button&quot;,&quot;buttonText&quot;:&quot;Seleccionar...&quot;,&quot;buttonIcon&quot;:&quot;qicon-file_upload&quot;,&quot;buttonIconPosition&quot;:&quot;right&quot;}\" \/><\/div><\/div><\/div><\/div><div class=\"quform-element quform-element-captcha quform-element-2_27 quform-cf quform-element-required\"><div class=\"quform-spacer\"><div class=\"quform-label quform-label-2_27\"><label class=\"quform-label-text\" for=\"quform_2_27_df4356\"> Por Favor escriba los caracteres<span class=\"quform-required\">*<\/span><\/label><\/div><div class=\"quform-inner quform-inner-captcha quform-inner-2_27 quform-field-width-small\"><div class=\"quform-input quform-input-captcha quform-input-2_27 quform-cf\"><input type=\"text\" id=\"quform_2_27_df4356\" name=\"quform_2_27\" class=\"quform-field quform-field-captcha quform-field-2_27\" \/><\/div><div class=\"quform-captcha quform-cf\"><div class=\"quform-captcha-image quform-captcha-image-2_27\"><img src=\"data:image\/png;base64,iVBORw0KGgoAAAANSUhEUgAAAOYAAABQBAMAAAD\/1xTgAAAAG1BMVEX\/\/\/8iIiLj4+OsrKxZWVk9PT10dHTHx8eQkJDR6ZepAAAACXBIWXMAAA7EAAAOxAGVKw4bAAADAElEQVRoge2XTU\/bQBCG7XXi5NgJdsrRbgL0mKgV9MiqonDEFUUc49KKHhNAnDG09G93xsbJrNd4XVRy6T4SEtnszjs7X3Ycx2KxWCwWi8VisVgsa2AnWrfiSAJ8Xa\/kNRCTl5QQVw8Xq0+970EuCZstjo4OZsY912e63gEJROXCuBAM8W9ustb71cazpBqxRSGx0szyjxfONsCxwdhN8nQ0dh5uS8cAZup3JBFixSgL8Dr\/Z6NR0Uuh3KrxAWNXnhZaZUzh\/tJJmbcxoC3ysQtBk6TAS4bnEva1b3pRl5xZejwdVjYsQvQY2EkxcYtI91nAa8BDZ\/OelvTepSM3YpT8+HjYS8IvlT0xGo4h5NY7hZhoLiJBsemCeoerbwAjgO2jbBlPvEEeNoaLhqWalPKC2l4VOaTMDLgbkmI6pppxl\/76uqYfRH5lsQxY0qyZoWcJmo+WKx7V4zkmc8A0yTF9ukyxWETEFh7FDJoxzCkinXC5IiDB\/upCMqQvmzQxb5+dlMcoLUrKMP06AZrfVKxjIOmKU4gWrP5qNDsUyoT3YpElr7luHQxqhtdyecf3sKZc2IJbg2ZKnST5OInzzlxAWN1aIe92XxlXEiIX+nA8XQ2ZGk0vH00pr3msgkPn5okRw\/Ahb26elgXMYhCwkTF\/M63n4vw6iqb\/OINnBs2YItRXRmQHBjE4MmzWlOjnzq4y57xCsjqyNGjw4dTl+zChC8DbJsyepon2P1ErK7krnmamRxn28eX76pNFwjSk5DBHNM0yjkP1IMCp8emJBa9vxCuGNMmYI3X3BDj5sRfxxQyC3yZFSicS3GmOhFTQrP70fO5W9ApnX5klHf70WIIBD6g99ps063CNbUL04bRmUEkKq7hnK6lhthT4sNk\/NG97U7e4hZNUpZ2mB0qD\/RXiXXWllebbPaqOZ2qqjAOKdouNsu3bbRtTE2Gc20RSV5DPA99tr1u5n8FRm+puQ\/4+anpPJrx\/pUhVDOoL3hoQP5OTF\/2tZbFYLBaL5T\/nDy4+cz7RfdZEAAAAAElFTkSuQmCC\" alt=\"CAPTCHA image\" data-element-id=\"27\" width=\"115\" height=\"40\" \/><\/div><\/div><p class=\"quform-description quform-description-below\">Esto nos ayuda a prevenir el spam, gracias.<\/p><\/div><\/div><\/div><\/div><div class=\"quform-element quform-element-column quform-element-2_23\"><\/div><\/div><div class=\"quform-element quform-element-submit quform-element-2_2 quform-cf quform-button-style-theme\"><div class=\"quform-button-submit quform-button-submit-default quform-button-submit-2_2\"><button name=\"quform_submit\" type=\"submit\" class=\"quform-submit\" value=\"submit\"><span class=\"quform-button-text quform-button-submit-text\">Enviar<\/span><\/button><\/div><div class=\"quform-loading quform-loading-position-left quform-loading-type-spinner-1\"><div class=\"quform-loading-inner\"><div class=\"quform-loading-spinner\"><div class=\"quform-loading-spinner-inner\"><\/div><\/div><\/div><\/div><\/div><div class=\"quform-element-tree\"><label for=\"quform_2_0_df4356\">This field should be left blank<\/label><input type=\"text\" id=\"quform_2_0_df4356\" name=\"quform_2_0\" class=\"quform-field quform-field-tree quform-field-2_0\" tabindex=\"-1\" autocomplete=\"off\" \/><\/div><\/div><\/div><\/div><div class=\"quform-upload-progress-wrap\"><div class=\"quform-upload-progress-bar-wrap\"><div class=\"quform-upload-progress-bar\"><\/div><\/div><div class=\"quform-upload-info quform-cf\"><div class=\"quform-upload-filename\"><\/div><\/div><\/div><\/div><\/form><\/div>\n","protected":false},"excerpt":{"rendered":"<p>El activo m\u00e1s valioso que existe en MYC es el cliente, a trav\u00e9s de nuestro equipo de talento humano le servimos y brindamos siempre la atenci\u00f3n oportuna en cada una de las necesidades de nuestros clientes. Env\u00edanos tu hoja de vida, siempre estamos en busca de gente talentosa como t\u00fa. Diligencia los siguientes datos:<\/p>\n","protected":false},"author":1,"featured_media":0,"parent":0,"menu_order":0,"comment_status":"closed","ping_status":"closed","template":"","meta":{"spay_email":"","_joinchat":[]},"_links":{"self":[{"href":"https:\/\/mycmueblesycolchones.com\/index.php?rest_route=\/wp\/v2\/pages\/529"}],"collection":[{"href":"https:\/\/mycmueblesycolchones.com\/index.php?rest_route=\/wp\/v2\/pages"}],"about":[{"href":"https:\/\/mycmueblesycolchones.com\/index.php?rest_route=\/wp\/v2\/types\/page"}],"author":[{"embeddable":true,"href":"https:\/\/mycmueblesycolchones.com\/index.php?rest_route=\/wp\/v2\/users\/1"}],"replies":[{"embeddable":true,"href":"https:\/\/mycmueblesycolchones.com\/index.php?rest_route=%2Fwp%2Fv2%2Fcomments&post=529"}],"version-history":[{"count":13,"href":"https:\/\/mycmueblesycolchones.com\/index.php?rest_route=\/wp\/v2\/pages\/529\/revisions"}],"predecessor-version":[{"id":614,"href":"https:\/\/mycmueblesycolchones.com\/index.php?rest_route=\/wp\/v2\/pages\/529\/revisions\/614"}],"wp:attachment":[{"href":"https:\/\/mycmueblesycolchones.com\/index.php?rest_route=%2Fwp%2Fv2%2Fmedia&parent=529"}],"curies":[{"name":"wp","href":"https:\/\/api.w.org\/{rel}","templated":true}]}}