{"id":582,"date":"2022-02-25T16:13:10","date_gmt":"2022-02-25T16:13:10","guid":{"rendered":"http:\/\/mycmueblesycolchones.com\/?page_id=582"},"modified":"2025-05-12T20:45:02","modified_gmt":"2025-05-12T20:45:02","slug":"pqr","status":"publish","type":"page","link":"https:\/\/mycmueblesycolchones.com\/?page_id=582","title":{"rendered":"PQR"},"content":{"rendered":"<p><strong>Formulario de registro de peticiones, quejas y reclamos<label>\u00a0(PQR)<\/p>\n<p><\/label><\/strong><label>Una vez radicada su PQR, al correo electr\u00f3nico registrado en el presente formulario se le enviar\u00e1 el n\u00famero de radicado y los medios por los cuales podr\u00e1 hacer seguimiento de la misma.<\/label><strong><label><\/p>\n<p><\/label><\/strong><\/p>\n<div id=\"quform-c4d353\" class=\"quform quform-1 quform-support-page-caching\"><form id=\"quform-form-c4d353\" class=\"quform-form quform-form-1\" action=\"\/index.php?rest_route=%2Fwp%2Fv2%2Fpages%2F582#quform-c4d353\" method=\"post\" enctype=\"multipart\/form-data\" novalidate=\"novalidate\" data-options=\"{&quot;id&quot;:1,&quot;uniqueId&quot;:&quot;c4d353&quot;,&quot;theme&quot;:&quot;&quot;,&quot;ajax&quot;:true,&quot;logic&quot;:{&quot;logic&quot;:[],&quot;dependents&quot;:[],&quot;elementIds&quot;:[],&quot;dependentElementIds&quot;:[],&quot;animate&quot;:true},&quot;currentPageId&quot;:1,&quot;errorsIcon&quot;:&quot;&quot;,&quot;updateFancybox&quot;:true,&quot;hasPages&quot;:false,&quot;pages&quot;:[1],&quot;pageProgressType&quot;:&quot;numbers&quot;,&quot;tooltipsEnabled&quot;:true,&quot;tooltipClasses&quot;:&quot;qtip-quform-dark qtip-shadow&quot;,&quot;tooltipMy&quot;:&quot;left center&quot;,&quot;tooltipAt&quot;:&quot;right center&quot;,&quot;isRtl&quot;:false,&quot;scrollOffset&quot;:-50,&quot;scrollSpeed&quot;:800}\"><button class=\"quform-default-submit\" name=\"quform_submit\" type=\"submit\" value=\"submit\" aria-hidden=\"true\" tabindex=\"-1\"><\/button><div class=\"quform-form-inner quform-form-inner-1\"><input type=\"hidden\" name=\"quform_form_id\" value=\"1\" \/><input type=\"hidden\" name=\"quform_form_uid\" value=\"c4d353\" \/><input type=\"hidden\" name=\"quform_count\" value=\"1\" \/><input type=\"hidden\" name=\"form_url\" value=\"https:\/\/mycmueblesycolchones.com\/index.php?rest_route=%2Fwp%2Fv2%2Fpages%2F582\" \/><input type=\"hidden\" name=\"referring_url\" value=\"\" \/><input type=\"hidden\" name=\"post_id\" value=\"\" \/><input type=\"hidden\" name=\"post_title\" value=\"\" \/><input type=\"hidden\" name=\"quform_current_page_id\" value=\"1\" \/><input type=\"hidden\" name=\"quform_csrf_token\" value=\"sYACeEAGyB6nMmnw7LAHFWmsi378EswiDyvHmj1J\" \/><div class=\"quform-elements quform-elements-1 quform-cf quform-responsive-elements-phone-landscape\"><div class=\"quform-element quform-element-page quform-page-1 quform-page-1_1 quform-cf quform-group-style-plain quform-first-page quform-last-page quform-current-page\"><div class=\"quform-child-elements\"><div class=\"quform-element quform-element-select quform-element-1_7 quform-cf quform-element-optional\"><div class=\"quform-spacer\"><div class=\"quform-label quform-label-1_7\"><span class=\"quform-label-icon\"><i class=\"fa fa-desktop\"><\/i><\/span><label class=\"quform-label-text\" for=\"quform_1_7_c4d353\">\u00bfUsted quiere presentar una petici\u00f3n, queja o reclamo? * Puede hacerlo directamente aqu\u00ed: (seleccione de acuerdo al requerimiento que desea presentar)<\/label><\/div><div class=\"quform-inner quform-inner-select quform-inner-1_7\"><div class=\"quform-input quform-input-select quform-input-1_7 quform-cf\"><select id=\"quform_1_7_c4d353\" name=\"quform_1_7\" class=\"quform-field quform-field-select quform-field-1_7\"><option value=\"\" selected=\"selected\">Por favor seleccionar<\/option><option value=\"PETICI\u00d3N\">PETICI\u00d3N<\/option><option value=\"QUEJA\">QUEJA<\/option><option value=\"RECLAMO\">RECLAMO<\/option><\/select><\/div><\/div><\/div><\/div><div class=\"quform-element quform-element-text quform-element-1_8 quform-cf quform-element-required\"><div class=\"quform-spacer\"><div class=\"quform-label quform-label-1_8\"><label class=\"quform-label-text\" for=\"quform_1_8_c4d353\">\u00bfCual es su nombre o la raz\u00f3n social de su empresa?<span class=\"quform-required\">*<\/span><\/label><\/div><div class=\"quform-inner quform-inner-text quform-inner-1_8\"><div class=\"quform-input quform-input-text quform-input-1_8 quform-cf quform-has-field-icon-left\"><input type=\"text\" id=\"quform_1_8_c4d353\" name=\"quform_1_8\" class=\"quform-field quform-field-text quform-field-1_8\" \/><span class=\"quform-field-icon quform-field-icon-left\"><i class=\"fa fa-user\"><\/i><\/span><\/div><\/div><\/div><\/div><div class=\"quform-element quform-element-row quform-element-row-1_19 quform-2-columns quform-element-row-size-fixed quform-responsive-columns-phone-landscape\"><div class=\"quform-element quform-element-column quform-element-1_20\"><div class=\"quform-element quform-element-select quform-element-1_12 quform-cf quform-element-required\"><div class=\"quform-spacer\"><div class=\"quform-label quform-label-1_12\"><label class=\"quform-label-text\" for=\"quform_1_12_c4d353\">\u00bfCu\u00e1l es el tipo de su documento de identidad o de su empresa?<span class=\"quform-required\">*<\/span><\/label><\/div><div class=\"quform-inner quform-inner-select quform-inner-1_12\"><div class=\"quform-input quform-input-select quform-input-1_12 quform-cf\"><select id=\"quform_1_12_c4d353\" name=\"quform_1_12\" class=\"quform-field quform-field-select quform-field-1_12\"><option value=\"\" selected=\"selected\">Por favor seleccionar<\/option><option value=\"C\u00c9DULA DE CIUDADAN\u00cdA\">C\u00c9DULA DE CIUDADAN\u00cdA<\/option><option value=\"C\u00c9DULA DE EXTRANJER\u00cdA\">C\u00c9DULA DE EXTRANJER\u00cdA<\/option><option value=\"NIT\">NIT<\/option><\/select><\/div><\/div><\/div><\/div><\/div><div class=\"quform-element quform-element-column quform-element-1_21\"><div class=\"quform-element quform-element-text quform-element-1_13 quform-cf quform-element-required\"><div class=\"quform-spacer\"><div class=\"quform-label quform-label-1_13\"><label class=\"quform-label-text\" for=\"quform_1_13_c4d353\">\u00bfCu\u00e1l es el n\u00famero de su documento de identidad o el de su empresa? <span class=\"quform-required\">*<\/span><\/label><\/div><div class=\"quform-inner quform-inner-text quform-inner-1_13\"><div class=\"quform-input quform-input-text quform-input-1_13 quform-cf quform-has-field-icon-left\"><input type=\"text\" id=\"quform_1_13_c4d353\" name=\"quform_1_13\" class=\"quform-field quform-field-text quform-field-1_13\" \/><span class=\"quform-field-icon quform-field-icon-left\"><i class=\"fa fa-drivers-license-o\"><\/i><\/span><\/div><\/div><\/div><\/div><\/div><\/div><div class=\"quform-element quform-element-text quform-element-1_10 quform-cf quform-element-required\"><div class=\"quform-spacer\"><div class=\"quform-label quform-label-1_10\"><label class=\"quform-label-text\" for=\"quform_1_10_c4d353\">\u00bfCu\u00e1l es el tel\u00e9fono fijo o m\u00f3vil implicado en el requerimiento?<span class=\"quform-required\">*<\/span><\/label><\/div><div class=\"quform-inner quform-inner-text quform-inner-1_10\"><div class=\"quform-input quform-input-text quform-input-1_10 quform-cf quform-has-field-icon-left\"><input type=\"text\" id=\"quform_1_10_c4d353\" name=\"quform_1_10\" class=\"quform-field quform-field-text quform-field-1_10\" \/><span class=\"quform-field-icon quform-field-icon-left\"><i class=\"fa fa-mobile-phone\"><\/i><\/span><\/div><\/div><\/div><\/div><div class=\"quform-element quform-element-email quform-element-1_16 quform-cf quform-element-required\"><div class=\"quform-spacer\"><div class=\"quform-label quform-label-1_16\"><label class=\"quform-label-text\" for=\"quform_1_16_c4d353\">\u00bfCu\u00e1l es el correo electr\u00f3nico al cual quiere que le llegue respuesta? <span class=\"quform-required\">*<\/span><\/label><\/div><div class=\"quform-inner quform-inner-email quform-inner-1_16\"><div class=\"quform-input quform-input-email quform-input-1_16 quform-cf quform-has-field-icon-left\"><input type=\"email\" id=\"quform_1_16_c4d353\" name=\"quform_1_16\" class=\"quform-field quform-field-email quform-field-1_16\" \/><span class=\"quform-field-icon quform-field-icon-left\"><i class=\"fa fa-envelope\"><\/i><\/span><\/div><\/div><\/div><\/div><div class=\"quform-element quform-element-text quform-element-1_15 quform-cf quform-element-optional\"><div class=\"quform-spacer\"><div class=\"quform-label quform-label-1_15\"><label class=\"quform-label-text\" for=\"quform_1_15_c4d353\">\u00bfCu\u00e1l es el n\u00famero de tel\u00e9fono de contacto?<\/label><\/div><div class=\"quform-inner quform-inner-text quform-inner-1_15\"><div class=\"quform-input quform-input-text quform-input-1_15 quform-cf\"><input type=\"text\" id=\"quform_1_15_c4d353\" name=\"quform_1_15\" class=\"quform-field quform-field-text quform-field-1_15\" \/><\/div><\/div><\/div><\/div><div class=\"quform-element quform-element-textarea quform-element-1_18 quform-cf quform-element-optional\"><div class=\"quform-spacer\"><div class=\"quform-label quform-label-1_18\"><label class=\"quform-label-text\" for=\"quform_1_18_c4d353\">\u00bfCu\u00e1les son los hechos en que fundamenta el requerimiento?<\/label><\/div><div class=\"quform-inner quform-inner-textarea quform-inner-1_18\"><div class=\"quform-input quform-input-textarea quform-input-1_18 quform-cf quform-has-field-icon-left\"><textarea id=\"quform_1_18_c4d353\" name=\"quform_1_18\" class=\"quform-field quform-field-textarea quform-field-1_18\"><\/textarea><span class=\"quform-field-icon quform-field-icon-left\"><i class=\"fa fa-pencil-square-o\"><\/i><\/span><\/div><\/div><\/div><\/div><div class=\"quform-element quform-element-file quform-element-1_3 quform-cf quform-element-optional\"><div class=\"quform-spacer\"><div class=\"quform-label quform-label-1_3\"><span class=\"quform-label-icon\"><i class=\"qicon-file_upload\"><\/i><\/span><label class=\"quform-label-text\" for=\"quform_1_3_c4d353\">Documentos anexos (pruebas que desee aportar el peticionario o recurrente)<\/label><\/div><div class=\"quform-inner quform-inner-file quform-inner-1_3\"><div class=\"quform-input quform-input-file quform-input-1_3 quform-cf quform-button-style-theme quform-button-size-fat\"><input type=\"file\" id=\"quform_1_3_c4d353\" name=\"quform_1_3[]\" class=\"quform-field quform-field-file quform-field-1_3 quform-field-file-enhanced\" data-config=\"{&quot;id&quot;:3,&quot;identifier&quot;:&quot;1_3&quot;,&quot;name&quot;:&quot;quform_1_3&quot;,&quot;max&quot;:1,&quot;size&quot;:10485760,&quot;allowedExtensions&quot;:[&quot;jpg&quot;,&quot;jpeg&quot;,&quot;png&quot;,&quot;gif&quot;,&quot;pdf&quot;],&quot;notAllowedTypeWithFilename&quot;:&quot;File type of &#039;%filename%&#039; is not allowed&quot;,&quot;tooBigWithFilename&quot;:&quot;File &#039;%filename%&#039; exceeds the maximum allowed file size&quot;,&quot;tooMany&quot;:&quot;You cannot upload more than %max% file(s)&quot;,&quot;buttonType&quot;:&quot;button&quot;,&quot;buttonText&quot;:&quot;Adjuntar&quot;,&quot;buttonIcon&quot;:&quot;qicon-file_upload&quot;,&quot;buttonIconPosition&quot;:&quot;right&quot;}\" \/><\/div><\/div><\/div><\/div><div class=\"quform-element quform-element-submit quform-element-1_2 quform-cf quform-button-style-theme quform-button-size-huge quform-button-width-tiny\"><div class=\"quform-button-submit quform-button-submit-default quform-button-submit-1_2 quform-button-icon-right\"><button name=\"quform_submit\" type=\"submit\" class=\"quform-submit\" value=\"submit\"><span class=\"quform-button-text quform-button-submit-text\">Enviar<\/span><span class=\"quform-button-icon quform-button-submit-icon\"><i class=\"qicon-paper-plane\"><\/i><\/span><\/button><\/div><div class=\"quform-loading quform-loading-position-left quform-loading-type-spinner-1\"><div class=\"quform-loading-inner\"><div class=\"quform-loading-spinner\"><div class=\"quform-loading-spinner-inner\"><\/div><\/div><\/div><\/div><\/div><div class=\"quform-element-tree\"><label for=\"quform_1_0_c4d353\">This field should be left blank<\/label><input type=\"text\" id=\"quform_1_0_c4d353\" name=\"quform_1_0\" class=\"quform-field quform-field-tree quform-field-1_0\" tabindex=\"-1\" autocomplete=\"off\" \/><\/div><\/div><\/div><\/div><div class=\"quform-upload-progress-wrap\"><div class=\"quform-upload-progress-bar-wrap\"><div class=\"quform-upload-progress-bar\"><\/div><\/div><div class=\"quform-upload-info quform-cf\"><div class=\"quform-upload-filename\"><\/div><\/div><\/div><\/div><\/form><\/div>\n","protected":false},"excerpt":{"rendered":"<p>Formulario de registro de peticiones, quejas y reclamos\u00a0(PQR) Una vez radicada su PQR, al correo electr\u00f3nico registrado en el presente formulario se le enviar\u00e1 el n\u00famero de radicado y los medios por los cuales podr\u00e1 hacer seguimiento de la misma.<\/p>\n","protected":false},"author":1,"featured_media":0,"parent":0,"menu_order":0,"comment_status":"closed","ping_status":"closed","template":"","meta":{"spay_email":"","_joinchat":[]},"_links":{"self":[{"href":"https:\/\/mycmueblesycolchones.com\/index.php?rest_route=\/wp\/v2\/pages\/582"}],"collection":[{"href":"https:\/\/mycmueblesycolchones.com\/index.php?rest_route=\/wp\/v2\/pages"}],"about":[{"href":"https:\/\/mycmueblesycolchones.com\/index.php?rest_route=\/wp\/v2\/types\/page"}],"author":[{"embeddable":true,"href":"https:\/\/mycmueblesycolchones.com\/index.php?rest_route=\/wp\/v2\/users\/1"}],"replies":[{"embeddable":true,"href":"https:\/\/mycmueblesycolchones.com\/index.php?rest_route=%2Fwp%2Fv2%2Fcomments&post=582"}],"version-history":[{"count":16,"href":"https:\/\/mycmueblesycolchones.com\/index.php?rest_route=\/wp\/v2\/pages\/582\/revisions"}],"predecessor-version":[{"id":852,"href":"https:\/\/mycmueblesycolchones.com\/index.php?rest_route=\/wp\/v2\/pages\/582\/revisions\/852"}],"wp:attachment":[{"href":"https:\/\/mycmueblesycolchones.com\/index.php?rest_route=%2Fwp%2Fv2%2Fmedia&parent=582"}],"curies":[{"name":"wp","href":"https:\/\/api.w.org\/{rel}","templated":true}]}}