{"id":615,"date":"2022-02-25T19:00:07","date_gmt":"2022-02-25T19:00:07","guid":{"rendered":"http:\/\/mycmueblesycolchones.com\/?page_id=615"},"modified":"2022-02-25T19:00:22","modified_gmt":"2022-02-25T19:00:22","slug":"615-2","status":"publish","type":"page","link":"https:\/\/mycmueblesycolchones.com\/?page_id=615","title":{"rendered":"Garant\u00edas"},"content":{"rendered":"<p><strong>TEN EN CUENTA ALGUNAS RECOMENDACIONES AL MOMENTO DE REDIMIR LA GARANT\u00cdA:<\/strong><\/p>\n<p><strong>TU FACTURA<\/strong><\/p>\n<p>Conserva la factura o una fotocopia de la misma con el fin de agilizar el Servicio de Garant\u00eda. No es indispensable presentar la factura en caso de requerir la garant\u00eda de un producto. Esta tambien est\u00e1 en tu correo como facturaci\u00f3n electr\u00f3nica.<\/p>\n<p><b>LL\u00c1MANOS<\/b><\/p>\n<p>En caso de requerir el Servicio de Garant\u00eda en ciudades donde la marca del producto no tiene un CENTRO DE SERVICIO AUTORIZADO, el cliente debe comunicarse a la l\u00ednea nacional (XXXXXXX) de la marca<\/p>\n<p>LEE LAS INSTRUCCIONES DE USO<\/p>\n<p>Aprovecha 100% los productos adquiridos en MYC, conservando el empaque y los manuales, ten en cuenta las especificaciones de uso antes de empezar a disfrutar de t\u00fa producto.<\/p>\n<p>&nbsp;<\/p>\n<p>LA GARANT\u00cdA APLICA SI, CUANDO:<\/p>\n<p>\u2022 El producto presenta falla t\u00e9cnica o defecto de f\u00e1brica. Esto debe ser certificado por un CENTRO DE SERVICIO AUTORIZADO.<\/p>\n<p>La garant\u00eda podr\u00eda no aplicar, cuando:<\/p>\n<p>\u2022 El Producto presente maltrato, accidente, cat\u00e1strofes naturales o como consecuencias de estas, uso distinto al indicado en las instrucciones de manejo (ejemplo: comercial) uso en condiciones ambientales deficientes, instalaci\u00f3n y\/o programaci\u00f3n deficiente del producto.<\/p>\n<p>\u2022 Son da\u00f1os ocasionados por Humedad.<\/p>\n<p>\u2022 El producto haya sido abierto o manipulado por personal no autorizado por la marca.<\/p>\n<p>\u2022 Son da\u00f1os ocasionados por la adaptaci\u00f3n e instalaci\u00f3n de piezas o accesorios no genuinos, no autorizados por la marca.<\/p>\n<p>\u2022 Son da\u00f1os ocasionados por insectos o roedores.<\/p>\n<p>\u2022 Son da\u00f1os ocasionados por la falta de cuidado con el producto o factores ajenos (oxidaci\u00f3n, decoloraci\u00f3n, ralladuras, exceso de polvo, golpes ruptura de mueble )<\/p>\n<p>\u2022 El producto no presente n\u00famero de serie de la fabricaci\u00f3n o este se encuentre alterado.<\/p>\n<p>\u2022 Si el producto es intervenido o manipulado por un tercero o un t\u00e9cnico no autorizado esto ser\u00e1 causal de perdida de la garant\u00eda del producto.<\/p>\n<p>\u2022 El sello de garant\u00eda est\u00e9 roto.<\/p>\n","protected":false},"excerpt":{"rendered":"<p>TEN EN CUENTA ALGUNAS RECOMENDACIONES AL MOMENTO DE REDIMIR LA GARANT\u00cdA: TU FACTURA Conserva la factura o una fotocopia de la misma con el fin de agilizar el Servicio de Garant\u00eda. No es indispensable presentar la factura en caso de requerir la garant\u00eda de un producto. Esta tambien est\u00e1 en tu correo como facturaci\u00f3n electr\u00f3nica. [&hellip;]<\/p>\n","protected":false},"author":1,"featured_media":0,"parent":0,"menu_order":0,"comment_status":"closed","ping_status":"closed","template":"","meta":{"spay_email":"","_joinchat":[]},"_links":{"self":[{"href":"https:\/\/mycmueblesycolchones.com\/index.php?rest_route=\/wp\/v2\/pages\/615"}],"collection":[{"href":"https:\/\/mycmueblesycolchones.com\/index.php?rest_route=\/wp\/v2\/pages"}],"about":[{"href":"https:\/\/mycmueblesycolchones.com\/index.php?rest_route=\/wp\/v2\/types\/page"}],"author":[{"embeddable":true,"href":"https:\/\/mycmueblesycolchones.com\/index.php?rest_route=\/wp\/v2\/users\/1"}],"replies":[{"embeddable":true,"href":"https:\/\/mycmueblesycolchones.com\/index.php?rest_route=%2Fwp%2Fv2%2Fcomments&post=615"}],"version-history":[{"count":2,"href":"https:\/\/mycmueblesycolchones.com\/index.php?rest_route=\/wp\/v2\/pages\/615\/revisions"}],"predecessor-version":[{"id":617,"href":"https:\/\/mycmueblesycolchones.com\/index.php?rest_route=\/wp\/v2\/pages\/615\/revisions\/617"}],"wp:attachment":[{"href":"https:\/\/mycmueblesycolchones.com\/index.php?rest_route=%2Fwp%2Fv2%2Fmedia&parent=615"}],"curies":[{"name":"wp","href":"https:\/\/api.w.org\/{rel}","templated":true}]}}