{"id":843,"date":"2025-05-10T14:35:44","date_gmt":"2025-05-10T14:35:44","guid":{"rendered":"https:\/\/mycmueblesycolchones.com\/?page_id=843"},"modified":"2025-05-10T14:38:20","modified_gmt":"2025-05-10T14:38:20","slug":"servicio-tecnico","status":"publish","type":"page","link":"https:\/\/mycmueblesycolchones.com\/?page_id=843","title":{"rendered":"Servicio T\u00e9cnico"},"content":{"rendered":"<p>Este espacio est\u00e1 dise\u00f1ado para brindarle una soluci\u00f3n oportuna a los inconvenientes t\u00e9cnicos, aver\u00edas, o defectos de fabricaci\u00f3n que pueda llegar a tener cualquiera de nuestros productos dentro del tiempo de garant\u00eda. ver pol\u00edticas de garant\u00eda<\/p>\n<p>Diligencia los siguientes datos:<br \/>\n<div id=\"quform-4e684d\" class=\"quform quform-4 quform-support-page-caching\"><form id=\"quform-form-4e684d\" class=\"quform-form quform-form-4\" action=\"\/index.php?rest_route=%2Fwp%2Fv2%2Fpages%2F843#quform-4e684d\" method=\"post\" enctype=\"multipart\/form-data\" novalidate=\"novalidate\" data-options=\"{&quot;id&quot;:4,&quot;uniqueId&quot;:&quot;4e684d&quot;,&quot;theme&quot;:&quot;&quot;,&quot;ajax&quot;:true,&quot;logic&quot;:{&quot;logic&quot;:[],&quot;dependents&quot;:[],&quot;elementIds&quot;:[],&quot;dependentElementIds&quot;:[],&quot;animate&quot;:true},&quot;currentPageId&quot;:1,&quot;errorsIcon&quot;:&quot;&quot;,&quot;updateFancybox&quot;:true,&quot;hasPages&quot;:false,&quot;pages&quot;:[1],&quot;pageProgressType&quot;:&quot;numbers&quot;,&quot;tooltipsEnabled&quot;:true,&quot;tooltipClasses&quot;:&quot;qtip-quform-dark qtip-shadow&quot;,&quot;tooltipMy&quot;:&quot;left center&quot;,&quot;tooltipAt&quot;:&quot;right center&quot;,&quot;isRtl&quot;:false,&quot;scrollOffset&quot;:-50,&quot;scrollSpeed&quot;:800}\"><button class=\"quform-default-submit\" name=\"quform_submit\" type=\"submit\" value=\"submit\" aria-hidden=\"true\" tabindex=\"-1\"><\/button><div class=\"quform-form-inner quform-form-inner-4\"><input type=\"hidden\" name=\"quform_form_id\" value=\"4\" \/><input type=\"hidden\" name=\"quform_form_uid\" value=\"4e684d\" \/><input type=\"hidden\" name=\"quform_count\" value=\"1\" \/><input type=\"hidden\" name=\"form_url\" value=\"https:\/\/mycmueblesycolchones.com\/index.php?rest_route=%2Fwp%2Fv2%2Fpages%2F843\" \/><input type=\"hidden\" name=\"referring_url\" value=\"\" \/><input type=\"hidden\" name=\"post_id\" value=\"\" \/><input type=\"hidden\" name=\"post_title\" value=\"\" \/><input type=\"hidden\" name=\"quform_current_page_id\" value=\"1\" \/><input type=\"hidden\" name=\"quform_csrf_token\" value=\"I85q3YPlwlm8goyKbQnKnBuTUQojzn2XXw9TJJEE\" \/><div class=\"quform-elements quform-elements-4 quform-cf quform-responsive-elements-phone-landscape\"><div class=\"quform-element quform-element-page quform-page-1 quform-page-4_1 quform-cf quform-group-style-plain quform-first-page quform-last-page quform-current-page\"><div class=\"quform-child-elements\"><div class=\"quform-element quform-element-row quform-element-row-4_3 quform-2-columns quform-element-row-size-fixed quform-responsive-columns-phone-landscape\"><div class=\"quform-element quform-element-column quform-element-4_4\"><div class=\"quform-element quform-element-text quform-element-4_10 quform-cf quform-element-required\"><div class=\"quform-spacer\"><div class=\"quform-label quform-label-4_10\"><label class=\"quform-label-text\" for=\"quform_4_10_4e684d\">Nombre y Apellido<span class=\"quform-required\">*<\/span><\/label><\/div><div class=\"quform-inner quform-inner-text quform-inner-4_10\"><div class=\"quform-input quform-input-text quform-input-4_10 quform-cf\"><input type=\"text\" id=\"quform_4_10_4e684d\" name=\"quform_4_10\" class=\"quform-field quform-field-text quform-field-4_10\" \/><\/div><\/div><\/div><\/div><div class=\"quform-element quform-element-select quform-element-4_32 quform-cf quform-element-required\"><div class=\"quform-spacer\"><div class=\"quform-label quform-label-4_32\"><label class=\"quform-label-text\" for=\"quform_4_32_4e684d\">Tipo de Documento<span class=\"quform-required\">*<\/span><\/label><\/div><div class=\"quform-inner quform-inner-select quform-inner-4_32\"><div class=\"quform-input quform-input-select quform-input-4_32 quform-cf\"><select id=\"quform_4_32_4e684d\" name=\"quform_4_32\" class=\"quform-field quform-field-select quform-field-4_32\"><option value=\"\" selected=\"selected\">Selecciona<\/option><option value=\"C\u00e9dula de Ciudadania\">C\u00e9dula de Ciudadania<\/option><option value=\"C\u00e9dula de extranjeria\">C\u00e9dula de extranjeria<\/option><option value=\"Nit\">Nit<\/option><\/select><\/div><\/div><\/div><\/div><\/div><div class=\"quform-element quform-element-column quform-element-4_5\"><div class=\"quform-element quform-element-text quform-element-4_11 quform-cf quform-element-required\"><div class=\"quform-spacer\"><div class=\"quform-label quform-label-4_11\"><label class=\"quform-label-text\" for=\"quform_4_11_4e684d\">Tel\u00e9fono<span class=\"quform-required\">*<\/span><\/label><\/div><div class=\"quform-inner quform-inner-text quform-inner-4_11\"><div class=\"quform-input quform-input-text quform-input-4_11 quform-cf\"><input type=\"text\" id=\"quform_4_11_4e684d\" name=\"quform_4_11\" class=\"quform-field quform-field-text quform-field-4_11\" \/><\/div><\/div><\/div><\/div><div class=\"quform-element quform-element-text quform-element-4_26 quform-cf quform-element-required\"><div class=\"quform-spacer\"><div class=\"quform-label quform-label-4_26\"><label class=\"quform-label-text\" for=\"quform_4_26_4e684d\">N\u00famero de C\u00e9dula<span class=\"quform-required\">*<\/span><\/label><\/div><div class=\"quform-inner quform-inner-text quform-inner-4_26\"><div class=\"quform-input quform-input-text quform-input-4_26 quform-cf\"><input type=\"text\" id=\"quform_4_26_4e684d\" name=\"quform_4_26\" class=\"quform-field quform-field-text quform-field-4_26\" \/><\/div><p class=\"quform-description quform-description-below\">esto nos ayudar\u00e1 a la pronta respuesta de su caso<\/p><\/div><\/div><\/div><\/div><\/div><div class=\"quform-element quform-element-row quform-element-row-4_17 quform-2-columns quform-element-row-size-fixed quform-responsive-columns-phone-landscape\"><div class=\"quform-element quform-element-column quform-element-4_19\"><div class=\"quform-element quform-element-text quform-element-4_25 quform-cf quform-element-required\"><div class=\"quform-spacer\"><div class=\"quform-label quform-label-4_25\"><label class=\"quform-label-text\" for=\"quform_4_25_4e684d\">Departamento<span class=\"quform-required\">*<\/span><\/label><\/div><div class=\"quform-inner quform-inner-text quform-inner-4_25\"><div class=\"quform-input quform-input-text quform-input-4_25 quform-cf\"><input type=\"text\" id=\"quform_4_25_4e684d\" name=\"quform_4_25\" class=\"quform-field quform-field-text quform-field-4_25\" \/><\/div><\/div><\/div><\/div><div class=\"quform-element quform-element-email quform-element-4_12 quform-cf quform-element-required\"><div class=\"quform-spacer\"><div class=\"quform-label quform-label-4_12\"><label class=\"quform-label-text\" for=\"quform_4_12_4e684d\">Correo Electr\u00f3nico<span class=\"quform-required\">*<\/span><\/label><\/div><div class=\"quform-inner quform-inner-email quform-inner-4_12\"><div class=\"quform-input quform-input-email quform-input-4_12 quform-cf\"><input type=\"email\" id=\"quform_4_12_4e684d\" name=\"quform_4_12\" class=\"quform-field quform-field-email quform-field-4_12\" \/><\/div><\/div><\/div><\/div><\/div><div class=\"quform-element quform-element-column quform-element-4_24\"><div class=\"quform-element quform-element-text quform-element-4_33 quform-cf quform-element-required\"><div class=\"quform-spacer\"><div class=\"quform-label quform-label-4_33\"><label class=\"quform-label-text\" for=\"quform_4_33_4e684d\">Ciudad o Municipio de residencia<span class=\"quform-required\">*<\/span><\/label><\/div><div class=\"quform-inner quform-inner-text quform-inner-4_33\"><div class=\"quform-input quform-input-text quform-input-4_33 quform-cf\"><input type=\"text\" id=\"quform_4_33_4e684d\" name=\"quform_4_33\" class=\"quform-field quform-field-text quform-field-4_33\" \/><\/div><\/div><\/div><\/div><\/div><\/div><div class=\"quform-element quform-element-row quform-element-row-4_20 quform-2-columns quform-element-row-size-fixed quform-responsive-columns-phone-landscape\"><div class=\"quform-element quform-element-column quform-element-4_21\"><div class=\"quform-element quform-element-textarea quform-element-4_16 quform-cf quform-element-optional\"><div class=\"quform-spacer\"><div class=\"quform-label quform-label-4_16\"><label class=\"quform-label-text\" for=\"quform_4_16_4e684d\">Mensaje<\/label><\/div><div class=\"quform-inner quform-inner-textarea quform-inner-4_16 quform-field-size-slim\"><div class=\"quform-input quform-input-textarea quform-input-4_16 quform-cf\"><textarea id=\"quform_4_16_4e684d\" name=\"quform_4_16\" class=\"quform-field quform-field-textarea quform-field-4_16\"><\/textarea><\/div><\/div><\/div><\/div><div class=\"quform-element quform-element-select quform-element-4_34 quform-cf quform-element-optional\"><div class=\"quform-spacer\"><div class=\"quform-label quform-label-4_34\"><label class=\"quform-label-text\" for=\"quform_4_34_4e684d\">\u00bfQui\u00e9n diligencia?<\/label><\/div><div class=\"quform-inner quform-inner-select quform-inner-4_34\"><div class=\"quform-input quform-input-select quform-input-4_34 quform-cf\"><select id=\"quform_4_34_4e684d\" name=\"quform_4_34\" class=\"quform-field quform-field-select quform-field-4_34\"><option value=\"\" selected=\"selected\">Por favor selecciona<\/option><option value=\"Cliente\">Cliente<\/option><option value=\"Vendedor\">Vendedor<\/option><option value=\"AST\">AST<\/option><\/select><\/div><\/div><\/div><\/div><\/div><div class=\"quform-element quform-element-column quform-element-4_22\"><div class=\"quform-element quform-element-file quform-element-4_28 quform-cf quform-element-optional\"><div class=\"quform-spacer\"><div class=\"quform-label quform-label-4_28\"><label class=\"quform-label-text\" for=\"quform_4_28_4e684d\">Adjuntar Foto\/ Video<\/label><\/div><div class=\"quform-inner quform-inner-file quform-inner-4_28\"><div class=\"quform-input quform-input-file quform-input-4_28 quform-cf quform-button-style-theme\"><input type=\"file\" id=\"quform_4_28_4e684d\" name=\"quform_4_28[]\" class=\"quform-field quform-field-file quform-field-4_28 quform-field-file-enhanced\" multiple data-config=\"{&quot;id&quot;:28,&quot;identifier&quot;:&quot;4_28&quot;,&quot;name&quot;:&quot;quform_4_28&quot;,&quot;max&quot;:20,&quot;size&quot;:67108864,&quot;allowedExtensions&quot;:[&quot;jpg&quot;,&quot;jpeg&quot;,&quot;png&quot;,&quot;gif&quot;],&quot;notAllowedTypeWithFilename&quot;:&quot;File type of &#039;%filename%&#039; is not allowed&quot;,&quot;tooBigWithFilename&quot;:&quot;File &#039;%filename%&#039; exceeds the maximum allowed file size&quot;,&quot;tooMany&quot;:&quot;You cannot upload more than %max% file(s)&quot;,&quot;buttonType&quot;:&quot;button&quot;,&quot;buttonText&quot;:&quot;Subir&quot;,&quot;buttonIcon&quot;:&quot;qicon-file_upload&quot;,&quot;buttonIconPosition&quot;:&quot;right&quot;}\" \/><\/div><\/div><\/div><\/div><div class=\"quform-element quform-element-captcha quform-element-4_23 quform-cf quform-element-required\"><div class=\"quform-spacer\"><div class=\"quform-label quform-label-4_23\"><label class=\"quform-label-text\" for=\"quform_4_23_4e684d\">Por favor escriba los caracteres<span class=\"quform-required\">*<\/span><\/label><\/div><div class=\"quform-inner quform-inner-captcha quform-inner-4_23\"><div class=\"quform-input quform-input-captcha quform-input-4_23 quform-cf\"><input type=\"text\" id=\"quform_4_23_4e684d\" name=\"quform_4_23\" class=\"quform-field quform-field-captcha quform-field-4_23\" \/><\/div><div class=\"quform-captcha quform-cf\"><div class=\"quform-captcha-image quform-captcha-image-4_23\"><img src=\"data:image\/png;base64,iVBORw0KGgoAAAANSUhEUgAAAOYAAABQBAMAAAD\/1xTgAAAAG1BMVEX\/\/\/8iIiLj4+PHx8esrKx0dHQ9PT2QkJBZWVmj3vhtAAAACXBIWXMAAA7EAAAOxAGVKw4bAAADtUlEQVRoge1Yy1LbMBQ1jh9Z9raN8dIGCiwxAdKlTaHNEk9TyhK1QFkiSumWTF98dvW0ZYdGRJ1RpzM+C\/JA0pHuPfdcOY7ToUOHDh3+a7jDbduUuwjgk13KW6D4YJNyj1FClNijDEHgyB4nBhhsr5C\/T6xReoQyYS\/PrHGmAFf0FeC5NU4MscM5n1rjRPx8JLZ3Zgv0jhcWn8hjBrBlRHloIAQEA\/L3BbCXxbFOiixedFIJ8HZ1TOszzh8zvmXNJZ25KGcGFaIr\/fBDYs3nShYwnbhoVvya8xHh5T5JC1qgfz4ycDC202jyZgqiUudA+qTaD1yA0\/Y479v8dVzSVmISnd5UX6I0e5dkXKR+OW0Ld3VYRM58ZOJ8fYDl+SM9vrsCIFe+LZrT3Ft9il0k5rha1a\/z3WVqBt2dojmN5UqTJb9yoFKn+pLvDiuc9IoBkDSWi5DO1NIqEJmGU6oF16F7yTWV14MwnDk9pFFGUTGlGs6QLu4OV\/yqBUkd3yn7oveNTNOksMI5X24BGUljef5KfkN1TINbt\/uQsfmaUq85M83IJYh5LOMtSUDf7qou32f8Pc3ua+WXmohkEItYinGi35fKXgOecqTKahapTIf3gKG0d0dEeY8q0WBOpuYk4HEuGxU8g8oKCl0l08o7S5xeKQ1LyDNQJgY8zni+B3uigne1Ho+FaXhypIhQqFiAzw9QtkM2ummch\/rn5OBYf8MtZfCF7FwxQ3V5jxsEankwmRHlo6T6vC5bmcZtKWfO3izxYEpOlcFlZ\/dbizGKgVrGU04ZJ858YGlyfUEu1YcVhilE+yPUsm5yAfqCGrf2kHnmQNvtC8npC05pcZki3FRGTTlBSOPiN58UvGN0OdExsuX4QvKcwvPZPzbyan1g7pTXE5dY7JGmFB9EIPMpi6MQ5yNBv6j8hPWy5UaxFCwH2IQzlPmTsQy4iFwuBzHKo5m6yuB0rUoWZnvNTG7trjDWqsuHXJ57TdV7Jz+uyXaiup+VLCyp0ZMC5sHdqy5O5EjfV8Ywezvu0QhXnFOmg9ToCZdoJ7oZjusmXV+OWxIsG7v4G04XNfsK6VkcR0lrJGH8XH\/inJn2KvsgNjlFtNX4IrqeGTieqLvgGirMOJ3XbY6Nn9EvrZlkLKqa\/vZnrJ3cv1\/4oTGgcnLBlNMIHr2YbdrlJCJiHm\/2VG2IPteeVU6mPWSZ09n5ul\/a5nRorSSWGXsH1mPLrdneT201p9nvQcbw3t1foI92OTt06NChQ4d\/hd9VJJlXhGXQbAAAAABJRU5ErkJggg==\" alt=\"CAPTCHA image\" data-element-id=\"23\" width=\"115\" height=\"40\" \/><\/div><\/div><p class=\"quform-description quform-description-below\">Esto nos ayuda a prevenir el spam, gracias<\/p><\/div><\/div><\/div><\/div><\/div><div class=\"quform-element quform-element-html quform-element-4_30 quform-cf\"><div class=\"quform-spacer\"><div class=\"quform-element quform-element-html quform-element-94_163 quform-cf\">\n<div class=\"quform-spacer\"><span style=\"color: #333333;\">Al diligenciar y enviar este formulario, autorizo de manera previa, expresa e informada a MYC Muebles y Colchones para que realice el tratamiento de mis datos personales con fines administrativos, comerciales y\/o de contacto, de acuerdo con su Pol\u00edtica de Tratamiento de Datos Personales, la cual se encuentra disponible en este portal web.<\/span><\/div>\n<\/div><\/div><\/div><div class=\"quform-element quform-element-submit quform-element-4_2 quform-cf quform-button-style-theme\"><div class=\"quform-button-submit quform-button-submit-default quform-button-submit-4_2\"><button name=\"quform_submit\" type=\"submit\" class=\"quform-submit\" value=\"submit\"><span class=\"quform-button-text quform-button-submit-text\">Enviar<\/span><\/button><\/div><div class=\"quform-loading quform-loading-position-left quform-loading-type-spinner-1\"><div class=\"quform-loading-inner\"><div class=\"quform-loading-spinner\"><div class=\"quform-loading-spinner-inner\"><\/div><\/div><\/div><\/div><\/div><div class=\"quform-element-tree\"><label for=\"quform_4_0_4e684d\">This field should be left blank<\/label><input type=\"text\" id=\"quform_4_0_4e684d\" name=\"quform_4_0\" class=\"quform-field quform-field-tree quform-field-4_0\" tabindex=\"-1\" autocomplete=\"off\" \/><\/div><\/div><\/div><\/div><div class=\"quform-upload-progress-wrap\"><div class=\"quform-upload-progress-bar-wrap\"><div class=\"quform-upload-progress-bar\"><\/div><\/div><div class=\"quform-upload-info quform-cf\"><div class=\"quform-upload-filename\"><\/div><\/div><\/div><\/div><\/form><\/div><\/p>\n","protected":false},"excerpt":{"rendered":"<p>Este espacio est\u00e1 dise\u00f1ado para brindarle una soluci\u00f3n oportuna a los inconvenientes t\u00e9cnicos, aver\u00edas, o defectos de fabricaci\u00f3n que pueda llegar a tener cualquiera de nuestros productos dentro del tiempo de garant\u00eda. ver pol\u00edticas de garant\u00eda Diligencia los siguientes datos:<\/p>\n","protected":false},"author":1,"featured_media":0,"parent":0,"menu_order":0,"comment_status":"closed","ping_status":"closed","template":"","meta":{"spay_email":"","_joinchat":[]},"_links":{"self":[{"href":"https:\/\/mycmueblesycolchones.com\/index.php?rest_route=\/wp\/v2\/pages\/843"}],"collection":[{"href":"https:\/\/mycmueblesycolchones.com\/index.php?rest_route=\/wp\/v2\/pages"}],"about":[{"href":"https:\/\/mycmueblesycolchones.com\/index.php?rest_route=\/wp\/v2\/types\/page"}],"author":[{"embeddable":true,"href":"https:\/\/mycmueblesycolchones.com\/index.php?rest_route=\/wp\/v2\/users\/1"}],"replies":[{"embeddable":true,"href":"https:\/\/mycmueblesycolchones.com\/index.php?rest_route=%2Fwp%2Fv2%2Fcomments&post=843"}],"version-history":[{"count":1,"href":"https:\/\/mycmueblesycolchones.com\/index.php?rest_route=\/wp\/v2\/pages\/843\/revisions"}],"predecessor-version":[{"id":844,"href":"https:\/\/mycmueblesycolchones.com\/index.php?rest_route=\/wp\/v2\/pages\/843\/revisions\/844"}],"wp:attachment":[{"href":"https:\/\/mycmueblesycolchones.com\/index.php?rest_route=%2Fwp%2Fv2%2Fmedia&parent=843"}],"curies":[{"name":"wp","href":"https:\/\/api.w.org\/{rel}","templated":true}]}}