{"id":881,"date":"2025-06-25T21:46:31","date_gmt":"2025-06-25T21:46:31","guid":{"rendered":"https:\/\/mycmueblesycolchones.com\/?page_id=881"},"modified":"2025-12-03T13:55:21","modified_gmt":"2025-12-03T13:55:21","slug":"tc-promos-del-mes","status":"publish","type":"page","link":"https:\/\/mycmueblesycolchones.com\/?page_id=881","title":{"rendered":"*#T&#038;C Promos del mes &#8211; Smart Investment S.A.S."},"content":{"rendered":"<h2 class=\"page-title\"><strong style=\"font-size: 16px;\">T\u00c9RMINOS Y CONDICIONES DE PROMOCIONES Y OFERTAS<\/strong><\/h2>\n<div class=\"page-main-content\">\n<p><em><strong>Generales<\/strong><\/em><\/p>\n<p>* Los precios y descuentos anunciados son v\u00e1lidos \u00fanicamente durante la vigencia de la oferta y en los puntos de venta especificados en la pieza de comunicaci\u00f3n. Las unidades disponibles se detallan en cada pieza (imagen o video) publicada para cada oferta o aqu\u00ed en esta pagina de TyC de la oferta.<br \/>\n* Los descuentos no son acumulables con otras promociones vigentes.<br \/>\n* Las promociones aplican para entregas a domicilio o en punto f\u00edsico de venta dentro del per\u00edodo de la oferta, con un horario m\u00e1ximo de entrega hasta las 6:00 p.m.<br \/>\n* Las cantidades disponibles para la venta aplican a nivel nacional; sin embargo, la disponibilidad de los productos puede variar seg\u00fan la regi\u00f3n, el formato comercial y el surtido del punto de venta.<br \/>\n* Las medidas de los electrodom\u00e9sticos y equipos de c\u00f3mputo son proporcionadas por el fabricante y est\u00e1n disponibles en cada producto publicado, exhibido en el punto de venta o en los canales digitales. En la descripci\u00f3n, la sigla \u201cA\u201d corresponde a altura, \u201cAN\u201d a ancho, \u201cPR\u201d a profundidad y \u201cP\u201d a peso.<br \/>\n* El precio indicado en la oferta no incluye los costos de env\u00edo ni de instalaci\u00f3n.<\/p>\n<p>Para m\u00e1s informaci\u00f3n sobre nuestras ofertas, productos o detalles relacionados con t\u00e9rminos y condiciones, env\u00edo, derecho de retracto (excepto en compras realizadas en ventas tradicionales), garant\u00eda, reversi\u00f3n de pagos en comercio electr\u00f3nico y cualquier otro aspecto de tu compra, ac\u00e9rcate al punto de venta m\u00e1s cercano o comun\u00edcate con nuestro servicio al cliente v\u00eda WhatsApp al 316 525 5407<\/p>\n<hr \/>\n<\/div>\n<p><strong>LA NAVIDAD BRILLA, GANA 1 CUOTA GRATIS \u2013 Del 15 Noviembre 2025 al 15 de Diciembre de 2025<\/strong><\/p>\n<p>La publicidad es realizada por <span class=\"selectable-text copyable-text xkrh14z\">MyC By SMART INVESTMENT S.A.S.<\/span>, pero la financiaci\u00f3n es otorgada por Brilla de Gases del Caribe. La tasa de inter\u00e9s y los plazos son pactados entre el consumidor y Brilla al momento de la compra. Gascaribe S.A. E.S.P. crea la din\u00e1mica \u201cLA NAVIDAD BRILLA\u201d para regalar dieciocho (18) cuotas iniciales gratis, las cuales se dividir\u00e1n en 18 ganadores y le corresponder\u00e1 a una (1) cuota gratis por ganador, hasta por COP$150.000 entre los usuarios residenciales del servicio de gas de los municipios de los departamentos de Atl\u00e1ntico, Magdalena y Cesar donde tiene cobertura el programa de Financiaci\u00f3n No Bancaria Brilla ejecutado por Gascaribe S.A. E.S.P., Ganadores que se seleccionaran as\u00ed: seis (6) ganadores en el departamento del Atl\u00e1ntico, seis (6) ganadores en el departamento de Magdalena; y seis (6) ganadores en el departamento del Cesar, -para un total de 18 ganadores-, que utilicen su cr\u00e9dito Brilla entre el 15 de noviembre al 15 de diciembre de 2025 en los aliados comerciales inscritos al programa. *El descuento se ver\u00e1 reflejado en la pr\u00f3xima factura una vez se carguen los diferidos de la venta, previa verificaci\u00f3n de identidad del ganador por parte de los funcionarios que GASCARIBE designe para tal fin. Las cuotas no ser\u00e1n acumulables por cliente y el valor de las cuotas no ser\u00e1 entregado de ninguna forma en efectivo a los usuarios ganadores. Se adaptar\u00e1 un contador virtual en tiempo real en la p\u00e1gina web de Brilla, en \u00e9l se podr\u00e1 verificar el conteo de las ventas que se van ingresando en sistema. De esa manera se har\u00e1 la selecci\u00f3n, de forma no aleatoria, de los ganadores. Consulte restricciones y disponibilidad <a href=\"https:\/\/mycmueblesycolchones.com\/wp-content\/uploads\/2025\/12\/TyC-Campana-Navidad-Cuota-Gratis-VF.pdf\"><strong>AQU\u00cd\u00a0<\/strong><\/a><\/p>\n<hr \/>\n<p class=\"selectable-text copyable-text x15bjb6t x1n2onr6\"><span class=\"selectable-text copyable-text xkrh14z\"><strong>CAMPA\u00d1A CYBER WEEK \u2013 Del 1 al 6 de Diciembre del 2025<\/strong><br \/>\nMyC By SMART INVESTMENT S.A.S. presenta la promoci\u00f3n CYBER WEEK, v\u00e1lida del 1 al 6 de Diciembre de 2025 o hasta agotar existencias, que aplica exclusivamente para referencias seleccionadas. La promoci\u00f3n incluye como incentivo descuentos aplicables a dichas referencias, con una disponibilidad limitada de 10 unidades por referencia durante la vigencia.\u00a0 Los productos pueden adquirirse mediante pago inmediato (efectivo, tarjeta d\u00e9bito o cr\u00e9dito), pagos en l\u00ednea por PSE a trav\u00e9s de Link de Pago Wompi. Esta promoci\u00f3n es no es acumulable con otros descuentos, incentivos o campa\u00f1as vigentes, y est\u00e1 limitada a un m\u00e1ximo de 4 unidades por referencia por persona durante el periodo de vigencia. No se incluyen costos adicionales como el valor del env\u00edo, el cual ser\u00e1 informado previamente a la finalizaci\u00f3n de la compra. MyC By SMART INVESTMENT S.A.S. se reserva el derecho de modificar, suspender o terminar la promoci\u00f3n en cualquier momento por razones comerciales, de inventario o de fuerza mayor, y cualquier cambio ser\u00e1 informado oportunamente a trav\u00e9s de los mismos medios usados para su difusi\u00f3n. Esta promoci\u00f3n aplica \u00fanicamente para las referencias indicadas al final del material promocional, cuya disponibilidad puede variar seg\u00fan el canal de venta. Los elementos decorativos que aparecen en las im\u00e1genes no se incluyen en la oferta y\/o promoci\u00f3n.<br \/>\nLas siguientes referencias Aplican para almac\u00e9n MYC Valledupar:<br \/>\nFENIX14, NIGHT10, NIGHT10 + SOMIER10, NIGHT12, NIGHT14, NIGHT14 + SOMIER10,\u00a0 NIGHT16, ACTIVE10, ACTIVE12, ACTIVE14, ACTIVE14 + SOMIER14, ACTIVE16, AOFLEX10, AOFLEX10-15, AOFLEX10-22, AOFLEX14, AOFLEX14-22, BLUENIGHT12,\u00a0 BLUENIGTH10, BLUENIGTH14, CASATAPREMIUM10, CASATAPREMIUM12, CASATAPREMIUM16, CASSATAPREMIUM14, COLACTIVE40,\u00a0\u00a0 COLAOFLEX140, COLCASATAPREMIUM140, COLCASATAPREMIUM200, COLESSENCIAL140, COLFENIX100, COLHARDTOP100, COLHARDTOP120, COLHARDTOP140, COLNIGHT100, COLNIGHT120, COLPREMIUM140, COLPREMIUM160, COLPREMIUM200, COLPRESTIGE140, COLREPELLENT140, COLZEUS100, COLZEUS120, CONFORT FOAM10-22, CONFORT FOAM12-22, CONFORT FOAM14-22, DARKNIGHT14, ESSENCIAL12, ESSENCIAL14, ESSENCIAL20, EUROTOP14, HARD FOAM10-25, HARD FOAM14-25, HARDTOP12, HARDTOP14, PREMIUM12, PREMIUM14, PREMIUM14 + SOMIER14, PREMIUM16, PREMIUM20, REPELLENT14, \u00a0SOCADAYTON16, ZEUS10, ZEUS12,\u00a0 ZEUS14,\u00a0 ZEUS16, ZEUS20.<\/span><\/p>\n<hr \/>\n<p class=\"selectable-text copyable-text x15bjb6t x1n2onr6\"><strong><span class=\"selectable-text copyable-text xkrh14z\">Sorteos y Oferta Live \u201cBLACK DAYS\u201d 28 de Noviembre<\/span><span class=\"selectable-text copyable-text xkrh14z\"><br \/>\n<\/span><\/strong><span class=\"selectable-text copyable-text xkrh14z\">El Live es organizado por MyC By Smart Investment MYC. La vigencia de esta promoci\u00f3n est\u00e1 limitada al periodo de transmisi\u00f3n del evento en vivo Live en la red social de nuestro perfil de Instagram @everlidysmartinez, el d\u00eda 28 de noviembre de 2025, desde las 4:00 p. m. hasta las 5:00 p. m. Todas las ofertas y sorteos est\u00e1n supeditados a la disponibilidad de inventario o premios.<br \/>\nEl producto promovido bajo esta oferta es el colch\u00f3n DuroLine\u00a0de 1M x 1.90M, referencia DUROLINE10-15 MYC, con las caracter\u00edsticas y medidas detalladas en el Live y en nuestro perfil de Instagram myc_mueblesycolchones.<br \/>\nEsta oferta es v\u00e1lida \u00fanicamente para las compras realizadas durante el tiempo de duraci\u00f3n del Live. La existencia de esta referencia es limitada a 15 unidades disponibles. Las im\u00e1genes del colch\u00f3n utilizadas en la propaganda comercial corresponden fielmente a las caracter\u00edsticas y calidad del producto que ser\u00e1 entregado.<br \/>\nLos costos de env\u00edo y\/o transporte est\u00e1n a cargo del consumidor y ser\u00e1n calculados dependiendo de la direcci\u00f3n de entrega y\/o zona de cobertura del establecimiento de comercio f\u00edsico.<br \/>\nLos incentivos ofrecidos como regalos y obsequios consisten en 5 almohadas Disponibles, 2 juegos de pocillos y 3 Botilitos. La calidad y cantidad del incentivo corresponden con esta descripci\u00f3n.<br \/>\nEl requisito para participar en los sorteos es s<span style=\"font-weight: 400;\">eguir a MyC Muebles y Colchones y <\/span>responder las preguntas realizadas por la moderadora, colocando en el comentario la respuesta y el n\u00famero de tel\u00e9fono dentro del horario de vigencia de la promoci\u00f3n. El sorteo se realizar\u00e1 en vivo el d\u00eda 28 de noviembre de 2025, desde las 4:00 p. m. hasta las 5:00 p. m. y los ganadores ser\u00e1n notificados en el Live. Los premios ser\u00e1n entregados al ganador en un plazo de 8 d\u00edas h\u00e1biles. Se limitar\u00e1 la cantidad a un 1 obsequio o 1 combo por persona. Aplica solo para Valledupar y sus alrededores.<br \/>\nLa participaci\u00f3n en el vivo Live implica la aceptaci\u00f3n total de estos t\u00e9rminos y condiciones. Esta promoci\u00f3n no es acumulable con otros incentivos o descuentos vigentes, salvo que se indique lo contrario de manera expresa. La empresa se reserva el derecho de modificar o finalizar la campa\u00f1a ante cualquier evento de fuerza mayor o caso fortuito.<\/span><\/p>\n<hr \/>\n<p class=\"selectable-text copyable-text x15bjb6t x1n2onr6\"><strong><span class=\"selectable-text copyable-text xkrh14z\">PERIODO DE GRACIA BRILLA GAS CARIBE &#8211; 15 de Octubre 2025 al 15 de Noviembre de 2025<\/span><\/strong><\/p>\n<p class=\"selectable-text copyable-text x15bjb6t x1n2onr6\"><span class=\"selectable-text copyable-text xkrh14z\">Brilla opera como medio de financiaci\u00f3n no bancario, no act\u00faa en calidad de productor, proveedor y\/o distribuidor de productos o servicios. El plazo m\u00e1ximo depende del producto a financiar y es responsabilidad del consumidor determinar las condiciones de financiaci\u00f3n. La tasa de inter\u00e9s es variable y es definida mensualmente por la Superfinanciera. Los intereses son liquidados con la tasa m\u00e1xima de financiaci\u00f3n vigente al momento de la facturaci\u00f3n del cr\u00e9dito. Aplica para los usuarios de Gascaribe S.A. E.S.P. de los municipios donde tiene cobertura para la prestaci\u00f3n del servicio de distribuci\u00f3n de gas natural, quienes podr\u00e1n contar con un Cupo Aprobado Brilla. Para acceder al cupo de cr\u00e9dito Brilla, Gascaribe S.A. E.S.P. aplicar\u00e1 a todos los usuarios un valor de Cobertura de Acceso, el cual busca garantizar el cumplimiento de las obligaciones de pago, y proteger el patrimonio de ambas partes. Mediante un modelo gen\u00e9rico de evaluaci\u00f3n podr\u00e1n acceder a un Cupo Agrandado que podr\u00e1 llegar a un m\u00e1ximo de hasta $8.000.000 de cupo asignado para adquirir productos o servicios autorizados, excepto para cr\u00e9ditos educativos; y, a un Megacupo que podr\u00e1 llegar a un m\u00e1ximo de hasta $28.000.000 de cupo asignado exclusivamente para adquirir motos, motocarros o motocargueros. El Cupo Agrandado y Megacupo no son acumulables. *Los usuarios de Gascaribe S.A. E.S.P. con servicio de gas residencial y\/o comercial que usen su cupo Brilla en las l\u00edneas que aplican, entre el 15 de octubre y el 15 de noviembre de 2025, en financiaciones superiores a COP$2.000.000 con valor de cobertura de acceso podr\u00e1n beneficiarse de un per\u00edodo de gracia de 60 d\u00edas calendario para comenzar a pagar su cr\u00e9dito. Este beneficio NO aplica para las financiaciones de cr\u00e9ditos a no titulares sin codeudor. T\u00e9rminos y Condiciones: <\/span><span class=\"selectable-text copyable-text xkrh14z\">https:\/\/www.brillagascaribe.com\/noticias\/periodo-de-gracia<\/span><span class=\"selectable-text copyable-text xkrh14z\">. V\u00e1lido 2025. Vigilado Superservicios.<\/span><\/p>\n<hr \/>\n<p class=\"selectable-text copyable-text x15bjb6t x1n2onr6\"><strong><span class=\"selectable-text copyable-text xkrh14z\">SORTEO &#8220;COLCH\u00d3N GRATIS&#8221; &#8211; del 24 de Octubre de 2025 al 29 de Noviembre de 2025<\/span><\/strong><\/p>\n<p class=\"selectable-text copyable-text x15bjb6t x1n2onr6\"><span class=\"selectable-text copyable-text xkrh14z\">MyC By Smart Investment S.A.S. presenta el sorteo &#8220;COLCH\u00d3N GRATIS\u201d, participa por un (1) Colch\u00f3n Confort ortop\u00e9dico doble MyC, con n\u00facleo de espuma 100% de alta densidad, siendo la participaci\u00f3n totalmente GRATUITA e implicando que el(los) participante(s) deben seguir la cuenta de Instagram (@myc_mueblesycolchones), dar \u201cMe gusta\u201d al video promocional, etiquetar a dos (2) personas que merezcan mejorar su descanso y comentar la frase exacta: &#8220;Yo quiero mi colch\u00f3n MyC&#8221;. Se permite una (1) participaci\u00f3n por persona y cuenta de Instagram, y la duplicidad de cuentas o participaciones anular\u00e1 la elegibilidad; el premio no es acumulable con descuentos o promociones, y el ganador ser\u00e1 seleccionado de forma aleatoria entre quienes cumplan todos los requisitos usando una web de Sorteos. La vigencia para participar inicia con la publicaci\u00f3n del video promocional y finaliza el 29 de noviembre de 2025, anunci\u00e1ndose el ganador en las redes sociales de MyC Muebles y Colchones (@myc_mueblesycolchones) el 1 de diciembre de 2025. Aunque la obtenci\u00f3n del colch\u00f3n es GRATUITA y ser\u00e1 enviado a su lugar de vivienda. Adicionalmente, el participante acepta que al participar en el sorteo, se divulgue su nombre y ciudad. El ganador acepta tambi\u00e9n ser grabado o fotografiado para fines publicitarios en la entrega del premio.<\/span><\/p>\n<hr \/>\n<p><em><strong>CAMPA\u00d1A HOT DAYS \u2013 Del 15 al 31 de Octubre del 2025<\/strong><\/em><br \/>\nMyC By SMART INVESTMENT S.A.S. presenta la promoci\u00f3n HOT DAYS, v\u00e1lida del 15 al 31 de Octubre de 2025 o hasta agotar existencias, que aplica exclusivamente para referencias seleccionadas. La promoci\u00f3n incluye como incentivo descuentos aplicables a dichas referencias, con una disponibilidad limitada de 10 unidades por referencia durante la vigencia.\u00a0 Los productos pueden adquirirse mediante pago inmediato (efectivo, tarjeta d\u00e9bito o cr\u00e9dito), pagos en l\u00ednea por PSE a trav\u00e9s de Link de Pago Wompi. Esta promoci\u00f3n es no es acumulable con otros descuentos, incentivos o campa\u00f1as vigentes, y est\u00e1 limitada a un m\u00e1ximo de 4 unidades por referencia por persona durante el periodo de vigencia. No se incluyen costos adicionales como el valor del env\u00edo, el cual ser\u00e1 informado previamente a la finalizaci\u00f3n de la compra. MyC By SMART INVESTMENT S.A.S. se reserva el derecho de modificar, suspender o terminar la promoci\u00f3n en cualquier momento por razones comerciales, de inventario o de fuerza mayor, y cualquier cambio ser\u00e1 informado oportunamente a trav\u00e9s de los mismos medios usados para su difusi\u00f3n. Esta promoci\u00f3n aplica \u00fanicamente para las referencias indicadas al final del material promocional, cuya disponibilidad puede variar seg\u00fan el canal de venta. Los elementos decorativos que aparecen en las im\u00e1genes no se incluyen en la oferta y\/o promoci\u00f3n.<br \/>\nLas siguientes referencias Aplican para almac\u00e9n MYC Valledupar:<br \/>\nFENIX14, DUROLINE10-15 MYC, DUROLINE10-22 MYC, DUROLINE14-22 MYC, NIGHT10, NIGHT10 + SOMIER10, NIGHT12, NIGHT14, NIGHT14 + SOMIER10,\u00a0 NIGHT16, ACTIVE10, ACTIVE12, ACTIVE14, ACTIVE14 + SOMIER14, ACTIVE16, AOFLEX10, AOFLEX10-15, AOFLEX10-22, AOFLEX14, AOFLEX14-22, BLUENIGHT12,\u00a0 BLUENIGTH10, BLUENIGTH14, CASATAPREMIUM10, CASATAPREMIUM12, CASATAPREMIUM16, CASSATAPREMIUM14, COLACTIVE40,\u00a0\u00a0 COLAOFLEX140, COLCASATAPREMIUM140, COLCASATAPREMIUM200, COLESSENCIAL140, COLFENIX100, COLHARDTOP100, COLHARDTOP120, COLHARDTOP140, COLNIGHT100, COLNIGHT120, COLPREMIUM140, COLPREMIUM160, COLPREMIUM200, COLPRESTIGE140, COLREPELLENT140, COLZEUS100, COLZEUS120, CONFORT FOAM10-22, CONFORT FOAM12-22, CONFORT FOAM14-22, DARKNIGHT14, ESSENCIAL12, ESSENCIAL14, ESSENCIAL20, EUROTOP14, HARD FOAM10-25, HARD FOAM14-25, HARDTOP12, HARDTOP14, PREMIUM12, PREMIUM14, PREMIUM14 + SOMIER14, PREMIUM16, PREMIUM20, REPELLENT14, \u00a0SOCADAYTON16, ZEUS10, ZEUS12,\u00a0 ZEUS14,\u00a0 ZEUS16, ZEUS20, CABECEROHOUSTON, CA-CHICAGOAZ14,\u00a0 CAMACHICAGO140, CAMACHICAGO140AZ, CAMACHICAGO140CA, CAMACHICAGO140GR, CAMADUPLEX14, CAMADUPLEX14-G, CANIDO100, CO-CHARLOTTEX4, CO-CHARLOTTEX6, CO-CLEVELANDX6, CO-DALLASX4, CO-DALLASX6,\u00a0 CO-HILTON4P-CV, CO-HILTON6P-CV,\u00a0 CO-HILTONX4, CO-HILTONX6,\u00a0 JA-ATLANTA14, JA-DALLAS14, JA-DENVER14,\u00a0 ME-DETROIT, SA-ATLANTA2P, SA-AUSTIN, SA-AUSTINBG2P,\u00a0 SA-CHARLOTTE3P,SA-CHICAGOAZ2P, SA-CHICAGOBG2P, SA-CHICAGOMT2P, SA-CHICAGORJ2P, SA-DETROIT3P, SA-HOUSTONAV2P, SA-HOUSTONAZ2P, SA-HOUSTONRJ2P, SA-HOUSTONRS2P, SALAAUSTINMTZ, SALACHICAGOAZ,SALACHICAGOBG, SALACHICAGOCA, SALACHICAGOGR, SALACHICAGOMTZ, SALACHICAGORS,\u00a0\u00a0\u00a0\u00a0\u00a0\u00a0\u00a0\u00a0\u00a0\u00a0 SALACHICAGOVE, SALAHOUSTONBG, SALAHOUSTONMTZ, SOCABHOUSTON140AZ,SOCABHOUSTON140GR.<\/p>\n<hr \/>\n<p><strong><em>ACTIVIDAD \u2033Vis\u00edtanos, participa y Gana Colch\u00f3n Serenity\u2033\u00a0 \u2013 26 de Junio de 2025 al 31 de Julio de 2025<br \/>\n<\/em><\/strong>Leer T\u00e9rminos y Condiciones, dando click <a href=\"https:\/\/mycmueblesycolchones.com\/?page_id=932\"><strong>AQU\u00cd<\/strong><\/a><\/p>\n<hr \/>\n<p><strong>POST 6 DE OCTUBRE 2025<br \/>\n<\/strong>informa que el precio ofertado en esta propaganda comercial corresponde al valor final de contado, con el descuento ya aplicado, y aplica \u00fanicamente para compras realizadas mediante pago en efectivo, tarjeta d\u00e9bito, tarjeta de cr\u00e9dito o PSE a trav\u00e9s de los enlaces Credibanco o Wompi. La promoci\u00f3n estar\u00e1 vigente desde el 1 al 31 de Octubre de 2025, o hasta agotar existencias (20 unidades disponibles), lo que ocurra primero, aplica para las Referencias Colch\u00f3n Duro Line 1Mt, Colch\u00f3n Serenity 1.40M.. Esta promoci\u00f3n no es acumulable con otros descuentos u ofertas y aplica \u00fanicamente para el almac\u00e9n MyC ubicado en Valledupar. El precio anunciado no incluye costos de env\u00edo ni servicios de instalaci\u00f3n. Las im\u00e1genes utilizadas en la publicidad son ilustrativas y no incluye elementos decorativos.<\/p>\n<hr \/>\n<p><strong><em>PROMOCI\u00d3N GRAN APERTURA \u2013 OFERTA COLCH\u00d3N SERENITY<\/em><\/strong><\/p>\n<p>MyC By SMART INVESTMENT S.A.S. informa que el precio ofertado en esta propaganda comercial corresponde al valor final de contado, con el descuento ya aplicado, y aplica \u00fanicamente para compras realizadas mediante pago en efectivo, tarjeta d\u00e9bito, tarjeta de cr\u00e9dito o PSE a trav\u00e9s de los enlaces Credibanco o Wompi. La promoci\u00f3n estar\u00e1 vigente desde el 26 de junio hasta el 31 de julio de 2025, o hasta agotar existencias (50 unidades disponibles), lo que ocurra primero. Esta promoci\u00f3n no es acumulable con otros descuentos u ofertas y aplica \u00fanicamente para el almac\u00e9n MyC ubicado en Valledupar. El precio anunciado no incluye costos de env\u00edo ni servicios de instalaci\u00f3n. Las im\u00e1genes utilizadas en la publicidad son ilustrativas y no incluye elementos decorativos.<\/p>\n<hr \/>\n<p><strong><em>PROMOCI\u00d3N GRAN APERTURA \u2013 DESCUENTO DE $300.000<\/em><\/strong><\/p>\n<p>MyC By SMART INVESTMENT S.A.S. informa que la presente propaganda comercial consiste en la entrega de un bono de $300.000 como descuento para la compra de cualquier referencia de colch\u00f3n de medidas Queen (1.60 m x 1.90 m) o King (2 m x 2 m). El bono aplica para las primeras 50 personas que adquieran productos con estas caracter\u00edsticas entre el 27 de junio y el 31 de julio de 2025, o hasta agotar existencias (80 unidades), lo que ocurra primero. Esta promoci\u00f3n es v\u00e1lida para compras realizadas por cualquier medio de pago (contado, cr\u00e9dito o financiamiento otorgado por Brilla, Addi o Banco de Bogot\u00e1) sujeto a aprobaci\u00f3n crediticia y al cumplimiento de las pol\u00edticas internas de cada entidad financiera, a trav\u00e9s de cualquiera de los canales de venta autorizados. No es acumulable con otras ofertas, promociones o descuentos vigentes, y aplica \u00fanicamente para la ciudad de Valledupar. El valor anunciado no incluye costos de env\u00edo ni servicios de instalaci\u00f3n. Las im\u00e1genes utilizadas son de car\u00e1cter ilustrativo y no incluyen elementos decorativos. La promoci\u00f3n aplica \u00fanicamente sobre las referencias habilitadas por MyC By SMART INVESTMENT S.A.S. y podr\u00e1 ser modificada, suspendida o cancelada en caso de agotamiento del inventario, o por razones comerciales o de fuerza mayor.<\/p>\n<hr \/>\n<p><strong><em>PROMOCI\u00d3N GRAN APERTURA &#8211; BONO de $50.000 y $100.000<\/em><\/strong><\/p>\n<p>SMART INVESTMENT S.A.S., a trav\u00e9s de su alianza comercial con MYC muebles y colchones S.A.S., quienes en adelante se denominaran MYC, presenta la promoci\u00f3n ESTRENA A CR\u00c9DITO en el marco de la campa\u00f1a GRAN APERTURA v\u00e1lida del 1 de julio al 31 de julio de 2025. La promoci\u00f3n incluye como incentivo descuentos por compras con nuestro aliado comercial ELECTRO AO S.A.S. y sus aliados de financiaci\u00f3n (Brilla, entre otros) de $2.500.000 a $3.999.999 lleva un bono de descuento de $50.000 y por compras superiores a $4.000.000 lleva un bono de $100.000 la aprobaci\u00f3n del cr\u00e9dito est\u00e1 sujeta a estudio y cumplimiento de sus pol\u00edticas, por lo que la tasa de inter\u00e9s, requisitos, monto aprobado, perfil del cliente y dem\u00e1s condiciones pueden variar. Las im\u00e1genes utilizadas son de referencia, pueden diferir del producto real y no incluye elementos decorativos no especificado en la oferta; Los productos pueden adquirirse en los puntos de venta f\u00edsicos de MYC o con vendedores autorizados. esta promoci\u00f3n no es acumulable con otras ofertas o descuentos vigentes y no incluye costos de env\u00edo, los cuales ser\u00e1n informados antes de finalizar la compra. SMART INVESTMENT S.A.S. se reserva el derecho de modificar, suspender o terminar la promoci\u00f3n en cualquier momento por razones comerciales, de inventario o fuerza mayor. Cualquier cambio ser\u00e1 informado oportunamente a trav\u00e9s de los mismos medios utilizados para su difusi\u00f3n.<strong><em><br \/>\n<\/em><\/strong><\/p>\n","protected":false},"excerpt":{"rendered":"<p>T\u00c9RMINOS Y CONDICIONES DE PROMOCIONES Y OFERTAS Generales * Los precios y descuentos anunciados son v\u00e1lidos \u00fanicamente durante la vigencia de la oferta y en los puntos de venta especificados en la pieza de comunicaci\u00f3n. Las unidades disponibles se detallan en cada pieza (imagen o video) publicada para cada oferta o aqu\u00ed en esta pagina [&hellip;]<\/p>\n","protected":false},"author":1,"featured_media":0,"parent":0,"menu_order":0,"comment_status":"closed","ping_status":"closed","template":"","meta":{"spay_email":"","_joinchat":[]},"_links":{"self":[{"href":"https:\/\/mycmueblesycolchones.com\/index.php?rest_route=\/wp\/v2\/pages\/881"}],"collection":[{"href":"https:\/\/mycmueblesycolchones.com\/index.php?rest_route=\/wp\/v2\/pages"}],"about":[{"href":"https:\/\/mycmueblesycolchones.com\/index.php?rest_route=\/wp\/v2\/types\/page"}],"author":[{"embeddable":true,"href":"https:\/\/mycmueblesycolchones.com\/index.php?rest_route=\/wp\/v2\/users\/1"}],"replies":[{"embeddable":true,"href":"https:\/\/mycmueblesycolchones.com\/index.php?rest_route=%2Fwp%2Fv2%2Fcomments&post=881"}],"version-history":[{"count":21,"href":"https:\/\/mycmueblesycolchones.com\/index.php?rest_route=\/wp\/v2\/pages\/881\/revisions"}],"predecessor-version":[{"id":1133,"href":"https:\/\/mycmueblesycolchones.com\/index.php?rest_route=\/wp\/v2\/pages\/881\/revisions\/1133"}],"wp:attachment":[{"href":"https:\/\/mycmueblesycolchones.com\/index.php?rest_route=%2Fwp%2Fv2%2Fmedia&parent=881"}],"curies":[{"name":"wp","href":"https:\/\/api.w.org\/{rel}","templated":true}]}}