{"id":932,"date":"2025-06-27T21:04:11","date_gmt":"2025-06-27T21:04:11","guid":{"rendered":"https:\/\/mycmueblesycolchones.com\/?page_id=932"},"modified":"2025-06-27T22:28:02","modified_gmt":"2025-06-27T22:28:02","slug":"terminos-y-condiciones-actividad-visitanos-participa-y-gana-colchon-serenity","status":"publish","type":"page","link":"https:\/\/mycmueblesycolchones.com\/?page_id=932","title":{"rendered":"Terminos y condiciones Actividad \u201cVis\u00edtanos, participa y Gana Colch\u00f3n Serenity\u201d"},"content":{"rendered":"<p><strong>CONDICIONES GENERALES:<\/strong><\/p>\n<p>Los T\u00e9rminos y Condiciones que a continuaci\u00f3n se relacionan, regulan la actividad \u201cVis\u00edtanos, participa y Gana Colch\u00f3n Serenity\u201d.<\/p>\n<p>La participaci\u00f3n en esta actividad se da visitando el almac\u00e9n de MYC Valledupar Carrera 9 # 17 &#8211; 30 centro, el asesor le brindar\u00e1 el link del registro en el link de la web: <u>https:\/\/mycmueblesycolchones.com\/?page_id=912<\/u>, del 26 de junio al 31 de Julio de 2025 hasta las11:59 p.m. Ser\u00e1 1 solo Ganador de un Colch\u00f3n Serenity de 1.40 x 1.90M\u201d, Si cuenta con un cr\u00e9dito debe estar al d\u00eda con todas sus obligaciones en MyC By SMART INVESTMENT S.A.S, de lo contrario se sacar\u00e1 otro participante que cumpla con las condiciones para ser ganador. Para poder redimir el premio debe cumplir y aceptar en forma integral y estricta las reglas, condiciones, restricciones y decisiones de MyC By SMART INVESTMENT S.A.S, las cuales tendr\u00e1n car\u00e1cter definitivo en todos los asuntos relacionados con la actividad. As\u00ed las cosas, cualquier incumplimiento, violaci\u00f3n a las mismas o a los procedimientos o sistemas establecidos para la realizaci\u00f3n de esta actividad implicar\u00e1 la inmediata exclusi\u00f3n del participante que motive los mismos y\/o la revocaci\u00f3n del premio.<\/p>\n<p>De acuerdo con lo anterior la persona que resulte ganadora de la actividad s\u00f3lo podr\u00e1 recibir el premio aceptando la integralidad de lo aqu\u00ed dispuesto ya sea en forma expresa o t\u00e1cita por el hecho de recibirlo.<\/p>\n<ol>\n<li><strong> P\u00daBLICO OBJETIVO:<\/strong> Actividad v\u00e1lida exclusivamente para clientes mayores de 18 a\u00f1os, quienes participaran solo visit\u00e1ndonos en el almac\u00e9n MYC Valledupar en Carrera 9 # 17 &#8211; 30 centro y descritas en el ac\u00e1pite 3. \u201cDesarrollo de la Actividad\u201d, para lo cual el asesor le brindar\u00e1 un link en el cual el participante se deber\u00e1 registrar en el link <u>https:\/\/mycmueblesycolchones.com\/?page_id=912<\/u> con el fin de poder participar por el premio m\u00e1s adelante detallado en la actividad \u201cVis\u00edtanos, participa y Gana Colch\u00f3n Serenity\u201d, motivo por el cual el participante (participante ganador) deber\u00e1 contar indispensablemente con c\u00e9dula f\u00edsica o electr\u00f3nica.<\/li>\n<\/ol>\n<p>No podr\u00e1n participar colaboradores, empleados de MyC By SMART INVESTMENT S.A.S y sus respectivas sucursales y\/o proveedores relacionados con la promoci\u00f3n o involucrados en el desarrollo de esta promoci\u00f3n ni sus familiares directos hasta segundo grado de consanguinidad o afinidad.<\/p>\n<ol start=\"2\">\n<li><strong> VIGENCIA DE LA ACTIVIDAD:<\/strong> La actividad inicia el d\u00eda 26 de Junio del 2025 y termina el d\u00eda 31 de Julio de 2025 a las 11:59 p.m. los registros dobles o antes o despu\u00e9s de esa fecha y hora no se tendr\u00e1n en cuenta, s\u00f3lo se tendr\u00e1 en cuenta el primer registro realizado.<\/li>\n<li><strong> DESARROLLO DE LA ACTIVIDAD (MEC\u00c1NICA):<\/strong><br \/>\n26 de Junio del 2025 y termina el d\u00eda 31 de Julio de 2025 visitando el almac\u00e9n de MYC Valledupar Carrera 9 # 17 &#8211; 30 centro, el asesor le brindar\u00e1 el link del registro en el link de la web: <u>https:\/\/mycmueblesycolchones.com\/?page_id=912 <\/u>participa por el premio m\u00e1s adelante detallado de la actividad \u201cVis\u00edtanos, participa y Gana Colch\u00f3n Serenity \u201d<\/li>\n<\/ol>\n<p>Una vez culmine la etapa de registro se escoger\u00e1 el ganador de la actividad mediante la APP Sorteos donde se colocar\u00e1n todos los nombres de los registrados en el link <u>https:\/\/mycmueblesycolchones.com\/?page_id=912<\/u> y luego de forma aleatoria se escoger\u00e1 1 ganador. Si es cliente de convenios debe estar al d\u00eda con todas sus obligaciones en MyC By SMART INVESTMENT S.A.S, de lo contrario se sacar\u00e1 otro cliente que cumpla con las condiciones para ser ganador. Una vez validado que los clientes cumplan con todas las condiciones de la actividad, ser\u00e1 contactado y notificado que ha sido ganador, luego de este contacto, MYC tiene hasta m\u00e1ximo el 4 de Agosto 2025 para entregar los productos al cliente seleccionado, se realizar\u00e1 la entrega de los productos en el almac\u00e9n MYC Carrera 9 # 17 &#8211; 30 centro &#8211; Valledupar, MyC By SMART INVESTMENT S.A.S no se har\u00e1 responsable por posibles da\u00f1os causados en el env\u00edo. S\u00f3lo se entregar\u00e1 ganador y con c\u00e9dula f\u00edsica. Este proceso de entrega ser\u00e1 fotografiado y grabado para efectos publicitarios propios de la actividad.<\/p>\n<p>*Bajo ninguna circunstancia se aceptar\u00e1 la participaci\u00f3n de quienes no cumplan los t\u00e9rminos y condiciones, de menores de edad, ni de personas que NO se hayan registrado en el link <u>https:\/\/mycmueblesycolchones.com\/?page_id=912<\/u> durante la vigencia de la actividad.<\/p>\n<ol start=\"4\">\n<li><strong> PREMIO:<\/strong><\/li>\n<\/ol>\n<p>\u2013 Ser\u00e1 seleccionado 1 ganador<\/p>\n<p>\u2013 Premio: Colch\u00f3n Serenity 1.40 x 1.90m\u201d<\/p>\n<ol start=\"5\">\n<li><strong> DESCALIFICACI\u00d3N, REVOCACI\u00d3N Y\/O P\u00c9RDIDA DEL DERECHO A RECLAMAR Y\/O EL PREMIO:<\/strong> Se contactar\u00e1 al cliente que fue seleccionado como ganador m\u00e1ximo el 4 de Agosto solicit\u00e1ndole la informaci\u00f3n correspondiente de su parte a trav\u00e9s de los canales disponibles tales como WhatsApp oficial MYC, Facebook MyC e Instagram myc.colchones Si en el contacto el Ganador no env\u00eda los datos correspondiente antes de la fecha de anuncio a los ganadores (3. DESARROLLO DE LA ACTIVIDAD (MEC\u00c1NICA)) o no acepta los t\u00e9rminos y condiciones, este premio se considera renunciado, abandonado y extinguido, y no se emitir\u00e1 un nuevo ganador.<\/li>\n<\/ol>\n<p>Independientemente si el ganador acepta o no el premio el Ganador ser\u00e1 publicado como m\u00e1ximo el 4 de Agosto del 2025 porque al participar han aceptado que tratemos su datos para tal fin.<\/p>\n<p>Vencidas las fechas estipuladas para aceptar el premio, al no entregar la informaci\u00f3n requerida \u00e9ste caducar\u00e1 y se perder\u00e1 el derecho a reclamar o hacer efectivo el premio. Ocurrido esto, EL ORGANIZADOR no estar\u00e1 en la obligaci\u00f3n de reconocer premio alguno. Si un premio fuese revocado por incumplimiento al reglamento, este ser\u00e1 propiedad de MyC By SMART INVESTMENT S.A.S.<br \/>\nSi en cualquier momento, sea antes, durante o con posterioridad a este evento, se descubre que el ganador incumple con este reglamento, EL ORGANIZADOR podr\u00e1 descalificarlo de esta actividad y\/o negarse a entregarle su premio en caso de ser favorecido. Si \u00e9ste ya fue entregado, podr\u00e1 exigir su devoluci\u00f3n por las v\u00edas de Ley.<\/p>\n<ol start=\"6\">\n<li><strong> RESPONSABILIDAD, CONDICIONES Y RESTRICCIONES:<\/strong><\/li>\n<li>La participaci\u00f3n del interesado, as\u00ed como la propia actividad y los premios, est\u00e1n sujetos a las condiciones y restricciones que se indican en este reglamento y dem\u00e1s textos que se emitan relacionados con la actividad. En caso de que existiesen discrepancias entre unos y otros documentos, se preferir\u00e1 lo consignado en el presente tenor. Y se preferir\u00e1 aquella que elija y notifique expresamente MyC By SMART INVESTMENT S.A.S a su entera discrecionalidad, una vez acontecido el hecho.<\/li>\n<li>Cualquier asunto que se presente con la actividad y que no se encuentre previsto en el presente reglamento o dem\u00e1s documentos relacionados, ser\u00e1 resuelto por MyC By SMART INVESTMENT S.A.S.<\/li>\n<li>Deber\u00e1 haber total coincidencia entre los datos brindados para participar y el documento de identificaci\u00f3n del ganador en buen estado, de otro modo el premio no ser\u00e1 entregado.<\/li>\n<li>La responsabilidad de MyC By SMART INVESTMENT S.A.S culmina con la entrega de cada uno de los premios.<\/li>\n<li>El ganador releva de toda responsabilidad a EL ORGANIZADOR de cualquier da\u00f1o, sobre las personas o las cosas, que se pudiesen ocasionar con el uso del premio, ya sea por su uso o de terceras personas, esta condici\u00f3n es requisito indispensable para la entrega del premio, que se entender\u00e1 aceptada con el hecho de recibir el premio.<\/li>\n<li>El ganador recibir\u00e1 su premio y no se admiten cambios por dinero, valores o cualquier otro producto material diferente a lo ofrecido como premio. El premio es \u00fanico, intransferible y no podr\u00e1 ser sesionado, cedido, traspasado e inmodificable bajo ninguna circunstancia a una tercera persona, ya que solamente lo podr\u00e1 redimir el ganador, por lo tanto quien no pueda hacerlo efectivo, no lo dese\u00e9 o no env\u00ede los datos correspondiente antes de la fecha antes de anunciar a los ganadores (3. DESARROLLO DE LA ACTIVIDAD (MEC\u00c1NICA)) o no acepta las condiciones, este premio se considera renunciado, abandonado y extinguido en relaci\u00f3n al ganador y no tendr\u00e1 derecho a reclamo posterior o indemnizaci\u00f3n alguna, ni siquiera parcialmente respecto del mismo.<\/li>\n<li>El derecho del premio no es transferible, negociable ni puede ser comercializado por dinero en efectivo. Estos premios son entregados \u00fanicamente a la persona ganadora.<\/li>\n<li>Es deber del cliente leer las condiciones de la actividad antes de inscribirse en el formulario <u>https:\/\/mycmueblesycolchones.com\/?page_id=912<\/u>; pues con el env\u00edo de su registro de participaci\u00f3n se entiende que conoce y acepta todas estas condiciones del mismo. La NO Lectura de estas condiciones no exime al participante de su cumplimiento o validez. Esto aplica para el que participa en 1ra persona, como a quienes se desprenda o se involucren en su participaci\u00f3n.<\/li>\n<li>Pol\u00edtica de buena conducta: No se permitir\u00e1n comentarios u opiniones cuyo contenido se considere inadecuado, que sean ofensivos, injuriosos, discriminatorios o que pudieran vulnerar derechos de terceros. No nos responsabilizaremos de los da\u00f1os ocasionados por los comentarios que hagan los participantes de la actividad, y que en cualquier momento pudieran herir la sensibilidad de otros participantes, que vulneren los principios de derecho al honor, a la intimidad personal y familiar y a la propia imagen. Debido a esta u otra situaciones MyC By SMART INVESTMENT S.A.S podr\u00e1, a su solo criterio modificar la duraci\u00f3n de la actividad, introducir modificaciones a cualquiera de los puntos enunciadas dando, en su caso, la debida comunicaci\u00f3n por cualquier medio que considere y que sea p\u00fablico. El Organizador podr\u00e1 cancelar, suspender o modificar total o parcialmente de esta actividad y las presentes Bases cuando se presenten situaciones no imputables al Organizador, sin que ello genere derecho a compensaci\u00f3n alguna a favor de los participantes. El Organizador ser\u00e1 el \u00fanico que tendr\u00e1 facultad de decisi\u00f3n respecto de toda situaci\u00f3n no prevista en estas bases y condiciones y las resoluciones que adopte al respecto ser\u00e1n definitivas e inapelables.<\/li>\n<li>Teniendo en cuenta lo anterior, autorizo de manera voluntaria, previa, expl\u00edcita, informada e inequ\u00edvoca a MyC By SMART INVESTMENT S.A.S para tratar mis datos personales y fotograf\u00eda de acuerdo con su Pol\u00edtica de Tratamiento de Datos Personales para los fines relacionados con su objeto y en especial para fines legales, contractuales, misionales descritos en la Pol\u00edtica de Tratamiento de Datos Personales MyC By SMART INVESTMENT S.A.S. La informaci\u00f3n obtenida para el Tratamiento de mis datos personales la he suministrado de forma voluntaria y es ver\u00eddica.<\/li>\n<\/ol>\n<p>La informaci\u00f3n registrada quedar\u00e1 almacenada en MyC By SMART INVESTMENT S.A.S ser\u00e1 utilizada para gestionar el sorteo y la comunicaci\u00f3n con el ganador. Para mayor informaci\u00f3n sobre tratamiento de sus datos personales revisar nuestra Pol\u00edtica de Privacidad en www.mycmueblesycolchones.com<\/p>\n<ol start=\"7\">\n<li><strong> DERECHOS DE IMAGEN:<\/strong> El ganador para poder hacer efectivo su premio acepta por este escrito que sus nombres e im\u00e1genes aparezcan en los programas, publicaciones, medios publicitarios y en general en todo el material de divulgaci\u00f3n con fines promocionales MyC By SMART INVESTMENT S.A.S y sus marcas aliadas deseen hacer durante el desarrollo de esta ACTIVIDAD. MyC By SMART INVESTMENT S.A.S, no se hace responsable de los hist\u00f3ricos que pudieren quedar en forma permanente en redes sociales como consecuencia del desarrollo de la ACTIVIDAD. Lo anterior no implicar\u00e1 la obligaci\u00f3n de ser remunerados o compensados adicionalmente. As\u00ed mismo renuncian a cualquier reclamo por el uso o derechos de imagen del ganador y acompa\u00f1ante participantes. Tambi\u00e9n se comprometen a enviarnos fotos y videos de su estancia y momentos claves del viaje seg\u00fan instrucciones dadas por MYC como prueba de la vivencia y para uso publicitario en redes sociales.<\/li>\n<li><strong> SUSPENSI\u00d3N:<\/strong> En caso de haber motivos fundados de fuerza mayor por los que no se pudiera llevar a cabo el cumplimiento del premio o de la actividad, caso fortuito, o hechos de terceros, tales como desastres naturales, guerras, huelgas o disturbios, as\u00ed como tambi\u00e9n situaciones que afecten esta actividad; o en caso de detectarse un fraude o intento de fraude en perjuicio de MyC By SMART INVESTMENT S.A.S, EL ORGANIZADOR podr\u00e1 modificar, en todo o en parte esta actividad, as\u00ed como suspenderlo temporal o permanentemente sin asumir ninguna responsabilidad al respecto. En estos casos, el fundamento de las medidas que se adopten, as\u00ed como las pruebas que demuestren la existencia de la causa invocada por EL ORGANIZADOR, estar\u00e1n a disposici\u00f3n de cualquier interesado en la p\u00e1gina web mycmueblesycolchones.com y en ning\u00fan caso se devolver\u00e1, reembolsar\u00e1 o reconocer\u00e1 dinero en efectivo o indemnizaci\u00f3n incluso parcial a ning\u00fan participante o cliente.<\/li>\n<li><strong> POL\u00cdTICA DE TRATAMIENTO DE DATOS PERSONALES DE MYC<\/strong><\/li>\n<\/ol>\n<p>Los participantes aceptan estos t\u00e9rminos y condiciones y autorizan el tratamiento de sus datos personales seg\u00fan nuestras pol\u00edticas y la Ley 1581 de 2012. Esta autorizaci\u00f3n permite informar ganadores, entregar premios, compartir datos con terceros aliados y publicar su imagen en medios sin compensaci\u00f3n distinta al premio recibido. Tambi\u00e9n aceptan ser contactados por llamadas, mensajer\u00eda instant\u00e1nea y mensajes de texto para recibir promociones y ofertas. Para mayor informaci\u00f3n ver las pol\u00edticas de tratamiento de datos en nuestra p\u00e1gina Web https:\/\/mycmueblesycolchones.com\/?page_id=834<\/p>\n<ol start=\"10\">\n<li><strong> PUBLICACI\u00d3N:<\/strong><\/li>\n<\/ol>\n<p>Este reglamento estar\u00e1 publicado en el sitio mycmueblesycolchones.com para disposici\u00f3n de todo el p\u00fablico a partir del inicio de la actividad y hasta el 31 de Agosto del 2026.<\/p>\n<p>\u2013 Cualquier duda o consulta sobre los alcances e interpretaci\u00f3n del presente reglamento, podr\u00e1 atenderse mediante consulta V\u00eda Whatsapp 316 525 5407.<\/p>\n<p>&nbsp;<\/p>\n<p>&nbsp;<\/p>\n","protected":false},"excerpt":{"rendered":"<p>CONDICIONES GENERALES: Los T\u00e9rminos y Condiciones que a continuaci\u00f3n se relacionan, regulan la actividad \u201cVis\u00edtanos, participa y Gana Colch\u00f3n Serenity\u201d. La participaci\u00f3n en esta actividad se da visitando el almac\u00e9n de MYC Valledupar Carrera 9 # 17 &#8211; 30 centro, el asesor le brindar\u00e1 el link del registro en el link de la web: https:\/\/mycmueblesycolchones.com\/?page_id=912, [&hellip;]<\/p>\n","protected":false},"author":1,"featured_media":0,"parent":0,"menu_order":0,"comment_status":"closed","ping_status":"closed","template":"","meta":{"spay_email":"","_joinchat":[]},"_links":{"self":[{"href":"https:\/\/mycmueblesycolchones.com\/index.php?rest_route=\/wp\/v2\/pages\/932"}],"collection":[{"href":"https:\/\/mycmueblesycolchones.com\/index.php?rest_route=\/wp\/v2\/pages"}],"about":[{"href":"https:\/\/mycmueblesycolchones.com\/index.php?rest_route=\/wp\/v2\/types\/page"}],"author":[{"embeddable":true,"href":"https:\/\/mycmueblesycolchones.com\/index.php?rest_route=\/wp\/v2\/users\/1"}],"replies":[{"embeddable":true,"href":"https:\/\/mycmueblesycolchones.com\/index.php?rest_route=%2Fwp%2Fv2%2Fcomments&post=932"}],"version-history":[{"count":5,"href":"https:\/\/mycmueblesycolchones.com\/index.php?rest_route=\/wp\/v2\/pages\/932\/revisions"}],"predecessor-version":[{"id":939,"href":"https:\/\/mycmueblesycolchones.com\/index.php?rest_route=\/wp\/v2\/pages\/932\/revisions\/939"}],"wp:attachment":[{"href":"https:\/\/mycmueblesycolchones.com\/index.php?rest_route=%2Fwp%2Fv2%2Fmedia&parent=932"}],"curies":[{"name":"wp","href":"https:\/\/api.w.org\/{rel}","templated":true}]}}