{"id":1040,"date":"2025-10-15T13:06:31","date_gmt":"2025-10-15T13:06:31","guid":{"rendered":"https:\/\/mycmueblesycolchones.com\/?post_type=product&#038;p=1040"},"modified":"2025-10-15T16:50:16","modified_gmt":"2025-10-15T16:50:16","slug":"lavadora-semiautomatica-7kg-max-clean","status":"publish","type":"product","link":"https:\/\/mycmueblesycolchones.com\/?product=lavadora-semiautomatica-7kg-max-clean","title":{"rendered":"Lavadora Semiautom\u00e1tica 7Kg Max Clean"},"content":{"rendered":"\t\t<div data-elementor-type=\"wp-post\" data-elementor-id=\"1040\" class=\"elementor elementor-1040\">\n\t\t\t\t\t\t\t\t\t<section class=\"elementor-section elementor-top-section elementor-element elementor-element-abf764a elementor-section-boxed elementor-section-height-default elementor-section-height-default\" data-id=\"abf764a\" data-element_type=\"section\">\n\t\t\t\t\t\t<div class=\"elementor-container elementor-column-gap-default\">\n\t\t\t\t\t<div class=\"elementor-column elementor-col-100 elementor-top-column elementor-element elementor-element-e71f7a3\" data-id=\"e71f7a3\" data-element_type=\"column\">\n\t\t\t<div class=\"elementor-widget-wrap elementor-element-populated\">\n\t\t\t\t\t\t\t\t<div class=\"elementor-element elementor-element-9548e24 elementor-widget elementor-widget-image\" data-id=\"9548e24\" data-element_type=\"widget\" data-widget_type=\"image.default\">\n\t\t\t\t<div class=\"elementor-widget-container\">\n\t\t\t<style>\/*! elementor - v3.10.0 - 09-01-2023 *\/\n.elementor-widget-image{text-align:center}.elementor-widget-image a{display:inline-block}.elementor-widget-image a img[src$=\".svg\"]{width:48px}.elementor-widget-image img{vertical-align:middle;display:inline-block}<\/style>\t\t\t\t\t\t\t\t\t\t\t\t<img width=\"1024\" height=\"500\" src=\"https:\/\/mycmueblesycolchones.com\/wp-content\/uploads\/2025\/10\/LAVADORA-7KG-1-1024x500.png\" class=\"attachment-large size-large wp-image-1087\" alt=\"\" loading=\"lazy\" srcset=\"https:\/\/mycmueblesycolchones.com\/wp-content\/uploads\/2025\/10\/LAVADORA-7KG-1-1024x500.png 1024w, https:\/\/mycmueblesycolchones.com\/wp-content\/uploads\/2025\/10\/LAVADORA-7KG-1-300x146.png 300w, https:\/\/mycmueblesycolchones.com\/wp-content\/uploads\/2025\/10\/LAVADORA-7KG-1-768x375.png 768w, https:\/\/mycmueblesycolchones.com\/wp-content\/uploads\/2025\/10\/LAVADORA-7KG-1-1536x749.png 1536w, https:\/\/mycmueblesycolchones.com\/wp-content\/uploads\/2025\/10\/LAVADORA-7KG-1-2048x999.png 2048w, https:\/\/mycmueblesycolchones.com\/wp-content\/uploads\/2025\/10\/LAVADORA-7KG-1-600x293.png 600w, https:\/\/mycmueblesycolchones.com\/wp-content\/uploads\/2025\/10\/LAVADORA-7KG-1-64x31.png 64w\" sizes=\"(max-width: 1024px) 100vw, 1024px\" \/>\t\t\t\t\t\t\t\t\t\t\t\t\t\t\t<\/div>\n\t\t\t\t<\/div>\n\t\t\t\t<div class=\"elementor-element elementor-element-50136ed elementor-widget elementor-widget-text-editor\" data-id=\"50136ed\" data-element_type=\"widget\" data-widget_type=\"text-editor.default\">\n\t\t\t\t<div class=\"elementor-widget-container\">\n\t\t\t<style>\/*! elementor - v3.10.0 - 09-01-2023 *\/\n.elementor-widget-text-editor.elementor-drop-cap-view-stacked .elementor-drop-cap{background-color:#818a91;color:#fff}.elementor-widget-text-editor.elementor-drop-cap-view-framed .elementor-drop-cap{color:#818a91;border:3px solid;background-color:transparent}.elementor-widget-text-editor:not(.elementor-drop-cap-view-default) .elementor-drop-cap{margin-top:8px}.elementor-widget-text-editor:not(.elementor-drop-cap-view-default) .elementor-drop-cap-letter{width:1em;height:1em}.elementor-widget-text-editor .elementor-drop-cap{float:left;text-align:center;line-height:1;font-size:50px}.elementor-widget-text-editor .elementor-drop-cap-letter{display:inline-block}<\/style>\t\t\t\t<p><span style=\"font-weight: bolder;\">Revisa el Manual de instrucciones y certificado de Garant\u00edas \u2192\u00a0<a href=\"https:\/\/mycmueblesycolchones.com\/wp-content\/uploads\/2025\/10\/MANUAL-DE-INSTRUCCIONES-Y-CERTIFICADO-DE-GARANTIA-LAVADORA-MYC-WEB.pdf\">AQU\u00cd<\/a><\/span><\/p>\t\t\t\t\t\t<\/div>\n\t\t\t\t<\/div>\n\t\t\t\t\t<\/div>\n\t\t<\/div>\n\t\t\t\t\t\t\t<\/div>\n\t\t<\/section>\n\t\t\t\t\t\t\t<\/div>\n\t\t","protected":false},"excerpt":{"rendered":"<p>Disfruta la comodidad de una lavadora pr\u00e1ctica y confiable, creada para simplificar tus rutinas y ofrecerte resultados impecables. Su dise\u00f1o une eficiencia y facilidad, para que dediques menos tiempo al lavado y m\u00e1s a lo que realmente disfrutas.<\/p>\n","protected":false},"featured_media":1042,"comment_status":"open","ping_status":"closed","template":"","meta":{"spay_email":""},"product_cat":[44],"product_tag":[],"_links":{"self":[{"href":"https:\/\/mycmueblesycolchones.com\/index.php?rest_route=\/wp\/v2\/product\/1040"}],"collection":[{"href":"https:\/\/mycmueblesycolchones.com\/index.php?rest_route=\/wp\/v2\/product"}],"about":[{"href":"https:\/\/mycmueblesycolchones.com\/index.php?rest_route=\/wp\/v2\/types\/product"}],"replies":[{"embeddable":true,"href":"https:\/\/mycmueblesycolchones.com\/index.php?rest_route=%2Fwp%2Fv2%2Fcomments&post=1040"}],"version-history":[{"count":8,"href":"https:\/\/mycmueblesycolchones.com\/index.php?rest_route=\/wp\/v2\/product\/1040\/revisions"}],"predecessor-version":[{"id":1090,"href":"https:\/\/mycmueblesycolchones.com\/index.php?rest_route=\/wp\/v2\/product\/1040\/revisions\/1090"}],"wp:featuredmedia":[{"embeddable":true,"href":"https:\/\/mycmueblesycolchones.com\/index.php?rest_route=\/wp\/v2\/media\/1042"}],"wp:attachment":[{"href":"https:\/\/mycmueblesycolchones.com\/index.php?rest_route=%2Fwp%2Fv2%2Fmedia&parent=1040"}],"wp:term":[{"taxonomy":"product_cat","embeddable":true,"href":"https:\/\/mycmueblesycolchones.com\/index.php?rest_route=%2Fwp%2Fv2%2Fproduct_cat&post=1040"},{"taxonomy":"product_tag","embeddable":true,"href":"https:\/\/mycmueblesycolchones.com\/index.php?rest_route=%2Fwp%2Fv2%2Fproduct_tag&post=1040"}],"curies":[{"name":"wp","href":"https:\/\/api.w.org\/{rel}","templated":true}]}}