{"id":1113,"date":"2025-11-24T18:13:28","date_gmt":"2025-11-24T18:13:28","guid":{"rendered":"https:\/\/mycmueblesycolchones.com\/?post_type=product&#038;p=1113"},"modified":"2025-11-24T18:23:45","modified_gmt":"2025-11-24T18:23:45","slug":"silla-sedari-mood-ejecutiva","status":"publish","type":"product","link":"https:\/\/mycmueblesycolchones.com\/?product=silla-sedari-mood-ejecutiva","title":{"rendered":"Silla Sedari | Mood ejecutiva"},"content":{"rendered":"\t\t<div data-elementor-type=\"wp-post\" data-elementor-id=\"1113\" class=\"elementor elementor-1113\">\n\t\t\t\t\t\t\t\t\t<section class=\"elementor-section elementor-top-section elementor-element elementor-element-93ea13a elementor-section-boxed elementor-section-height-default elementor-section-height-default\" data-id=\"93ea13a\" data-element_type=\"section\">\n\t\t\t\t\t\t<div class=\"elementor-container elementor-column-gap-default\">\n\t\t\t\t\t<div class=\"elementor-column elementor-col-100 elementor-top-column elementor-element elementor-element-5288dbe\" data-id=\"5288dbe\" data-element_type=\"column\">\n\t\t\t<div class=\"elementor-widget-wrap elementor-element-populated\">\n\t\t\t\t\t\t\t\t<div class=\"elementor-element elementor-element-5fffb8a elementor-widget elementor-widget-image\" data-id=\"5fffb8a\" data-element_type=\"widget\" data-widget_type=\"image.default\">\n\t\t\t\t<div class=\"elementor-widget-container\">\n\t\t\t<style>\/*! elementor - v3.10.0 - 09-01-2023 *\/\n.elementor-widget-image{text-align:center}.elementor-widget-image a{display:inline-block}.elementor-widget-image a img[src$=\".svg\"]{width:48px}.elementor-widget-image img{vertical-align:middle;display:inline-block}<\/style>\t\t\t\t\t\t\t\t\t\t\t\t<img width=\"10919\" height=\"4105\" src=\"https:\/\/mycmueblesycolchones.com\/wp-content\/uploads\/2025\/11\/SILLAS_Silla-sedari.png\" class=\"attachment-full size-full wp-image-1119\" alt=\"\" loading=\"lazy\" srcset=\"https:\/\/mycmueblesycolchones.com\/wp-content\/uploads\/2025\/11\/SILLAS_Silla-sedari.png 10919w, https:\/\/mycmueblesycolchones.com\/wp-content\/uploads\/2025\/11\/SILLAS_Silla-sedari-300x113.png 300w, https:\/\/mycmueblesycolchones.com\/wp-content\/uploads\/2025\/11\/SILLAS_Silla-sedari-1024x385.png 1024w, https:\/\/mycmueblesycolchones.com\/wp-content\/uploads\/2025\/11\/SILLAS_Silla-sedari-768x289.png 768w, https:\/\/mycmueblesycolchones.com\/wp-content\/uploads\/2025\/11\/SILLAS_Silla-sedari-1536x577.png 1536w, https:\/\/mycmueblesycolchones.com\/wp-content\/uploads\/2025\/11\/SILLAS_Silla-sedari-2048x770.png 2048w, https:\/\/mycmueblesycolchones.com\/wp-content\/uploads\/2025\/11\/SILLAS_Silla-sedari-600x226.png 600w, https:\/\/mycmueblesycolchones.com\/wp-content\/uploads\/2025\/11\/SILLAS_Silla-sedari-64x24.png 64w\" sizes=\"(max-width: 10919px) 100vw, 10919px\" \/>\t\t\t\t\t\t\t\t\t\t\t\t\t\t\t<\/div>\n\t\t\t\t<\/div>\n\t\t\t\t<div class=\"elementor-element elementor-element-7923f92 elementor-widget elementor-widget-text-editor\" data-id=\"7923f92\" data-element_type=\"widget\" data-widget_type=\"text-editor.default\">\n\t\t\t\t<div class=\"elementor-widget-container\">\n\t\t\t<style>\/*! elementor - v3.10.0 - 09-01-2023 *\/\n.elementor-widget-text-editor.elementor-drop-cap-view-stacked .elementor-drop-cap{background-color:#818a91;color:#fff}.elementor-widget-text-editor.elementor-drop-cap-view-framed .elementor-drop-cap{color:#818a91;border:3px solid;background-color:transparent}.elementor-widget-text-editor:not(.elementor-drop-cap-view-default) .elementor-drop-cap{margin-top:8px}.elementor-widget-text-editor:not(.elementor-drop-cap-view-default) .elementor-drop-cap-letter{width:1em;height:1em}.elementor-widget-text-editor .elementor-drop-cap{float:left;text-align:center;line-height:1;font-size:50px}.elementor-widget-text-editor .elementor-drop-cap-letter{display:inline-block}<\/style>\t\t\t\t<p><strong>Revisa el Manual de instrucciones de armado y certificado de Garant\u00edas \u2192 <a href=\"https:\/\/mycmueblesycolchones.com\/wp-content\/uploads\/2025\/11\/MANUAL-SILLAS-LUMERA-Y-SERATI.pdf\">AQU\u00cd<\/a><\/strong><\/p>\t\t\t\t\t\t<\/div>\n\t\t\t\t<\/div>\n\t\t\t\t\t<\/div>\n\t\t<\/div>\n\t\t\t\t\t\t\t<\/div>\n\t\t<\/section>\n\t\t\t\t\t\t\t<\/div>\n\t\t","protected":false},"excerpt":{"rendered":"<p>Lleva tu productividad al siguiente nivel con nuestra silla ejecutiva ergon\u00f3mica, dise\u00f1ada para brindar comodidad durante toda la jornada. Su respaldo en malla transpirable mantiene una ventilaci\u00f3n constante, evitando la acumulaci\u00f3n de calor. Ideal para oficinas, estudios o espacios de home office que buscan confort, estilo y funcionalidad en un solo dise\u00f1o.<\/p>\n","protected":false},"featured_media":1114,"comment_status":"open","ping_status":"closed","template":"","meta":{"spay_email":""},"product_cat":[44],"product_tag":[],"_links":{"self":[{"href":"https:\/\/mycmueblesycolchones.com\/index.php?rest_route=\/wp\/v2\/product\/1113"}],"collection":[{"href":"https:\/\/mycmueblesycolchones.com\/index.php?rest_route=\/wp\/v2\/product"}],"about":[{"href":"https:\/\/mycmueblesycolchones.com\/index.php?rest_route=\/wp\/v2\/types\/product"}],"replies":[{"embeddable":true,"href":"https:\/\/mycmueblesycolchones.com\/index.php?rest_route=%2Fwp%2Fv2%2Fcomments&post=1113"}],"version-history":[{"count":4,"href":"https:\/\/mycmueblesycolchones.com\/index.php?rest_route=\/wp\/v2\/product\/1113\/revisions"}],"predecessor-version":[{"id":1123,"href":"https:\/\/mycmueblesycolchones.com\/index.php?rest_route=\/wp\/v2\/product\/1113\/revisions\/1123"}],"wp:featuredmedia":[{"embeddable":true,"href":"https:\/\/mycmueblesycolchones.com\/index.php?rest_route=\/wp\/v2\/media\/1114"}],"wp:attachment":[{"href":"https:\/\/mycmueblesycolchones.com\/index.php?rest_route=%2Fwp%2Fv2%2Fmedia&parent=1113"}],"wp:term":[{"taxonomy":"product_cat","embeddable":true,"href":"https:\/\/mycmueblesycolchones.com\/index.php?rest_route=%2Fwp%2Fv2%2Fproduct_cat&post=1113"},{"taxonomy":"product_tag","embeddable":true,"href":"https:\/\/mycmueblesycolchones.com\/index.php?rest_route=%2Fwp%2Fv2%2Fproduct_tag&post=1113"}],"curies":[{"name":"wp","href":"https:\/\/api.w.org\/{rel}","templated":true}]}}